{"id":8272,"date":"2022-05-12T12:24:01","date_gmt":"2022-05-12T10:24:01","guid":{"rendered":"https:\/\/camping.lesrivesdeparis.fr\/?page_id=8272"},"modified":"2026-01-23T18:52:03","modified_gmt":"2026-01-23T17:52:03","slug":"a-proximite-du-camping","status":"publish","type":"page","link":"https:\/\/camping.lesrivesdeparis.fr\/el\/a-proximite-du-camping\/","title":{"rendered":"\u039a\u03bf\u03bd\u03c4\u03ac \u03c3\u03c4\u03bf \u03ba\u03ac\u03bc\u03c0\u03b9\u03bd\u03b3\u03ba"},"content":{"rendered":"<div data-elementor-type=\"wp-page\" data-elementor-id=\"8272\" class=\"elementor elementor-8272\" data-elementor-post-type=\"page\">\n\t\t\t\t\t\t<section class=\"elementor-section elementor-top-section elementor-element elementor-element-969bb29 elementor-section-boxed elementor-section-height-default elementor-section-height-default\" data-id=\"969bb29\" data-element_type=\"section\" data-e-type=\"section\">\n\t\t\t\t\t\t<div class=\"elementor-container elementor-column-gap-default\">\n\t\t\t\t\t<div class=\"elementor-column elementor-col-100 elementor-top-column elementor-element elementor-element-8371a37\" data-id=\"8371a37\" data-element_type=\"column\" data-e-type=\"column\">\n\t\t\t<div class=\"elementor-widget-wrap elementor-element-populated\">\n\t\t\t\t\t\t<div class=\"elementor-element elementor-element-92df176 elementor-widget elementor-widget-n-accordion\" data-id=\"92df176\" data-element_type=\"widget\" data-e-type=\"widget\" data-settings=\"{&quot;default_state&quot;:&quot;all_collapsed&quot;,&quot;max_items_expended&quot;:&quot;one&quot;,&quot;n_accordion_animation_duration&quot;:{&quot;unit&quot;:&quot;ms&quot;,&quot;size&quot;:400,&quot;sizes&quot;:[]}}\" data-widget_type=\"nested-accordion.default\">\n\t\t\t\t<div class=\"elementor-widget-container\">\n\t\t\t\t\t\t\t<div class=\"e-n-accordion\" aria-label=\"\u0391\u03ba\u03bf\u03c1\u03bd\u03c4\u03b5\u03cc\u03bd. \u0391\u03bd\u03bf\u03af\u03be\u03c4\u03b5 \u03c3\u03c5\u03bd\u03b4\u03ad\u03c3\u03bc\u03bf\u03c5\u03c2 \u03bc\u03b5 \u03c4\u03bf Enter \u03ae \u03c4\u03bf Space, \u03ba\u03bb\u03b5\u03af\u03c3\u03c4\u03b5 \u03bc\u03b5 \u03c4\u03bf Escape \u03ba\u03b1\u03b9 \u03c0\u03bb\u03bf\u03b7\u03b3\u03b7\u03b8\u03b5\u03af\u03c4\u03b5 \u03bc\u03b5 \u03c4\u03b1 \u03c0\u03bb\u03ae\u03ba\u03c4\u03c1\u03b1 \u03b2\u03ad\u03bb\u03bf\u03c5\u03c2.\">\n\t\t\t\t\t\t<details id=\"e-n-accordion-item-1540\" class=\"e-n-accordion-item\" >\n\t\t\t\t<summary class=\"e-n-accordion-item-title\" data-accordion-index=\"1\" tabindex=\"0\" aria-expanded=\"false\" aria-controls=\"e-n-accordion-item-1540\" >\n\t\t\t\t\t<span class='e-n-accordion-item-title-header'><div class=\"e-n-accordion-item-title-text\"> \ud83e\udd56 \u0391\u03c1\u03c4\u03bf\u03c0\u03bf\u03b9\u03b5\u03af\u03b1 <\/div><\/span>\n\t\t\t\t\t\t\t<span class='e-n-accordion-item-title-icon'>\n\t\t\t<span class='e-opened' ><svg aria-hidden=\"true\" class=\"e-font-icon-svg e-fas-minus\" viewbox=\"0 0 448 512\" xmlns=\"http:\/\/www.w3.org\/2000\/svg\"><path d=\"M416 208H32c-17.67 0-32 14.33-32 32v32c0 17.67 14.33 32 32 32h384c17.67 0 32-14.33 32-32v-32c0-17.67-14.33-32-32-32z\"><\/path><\/svg><\/span>\n\t\t\t<span class='e-closed'><svg aria-hidden=\"true\" class=\"e-font-icon-svg e-fas-plus\" viewbox=\"0 0 448 512\" xmlns=\"http:\/\/www.w3.org\/2000\/svg\"><path d=\"M416 208H272V64c0-17.67-14.33-32-32-32h-32c-17.67 0-32 14.33-32 32v144H32c-17.67 0-32 14.33-32 32v32c0 17.67 14.33 32 32 32h144v144c0 17.67 14.33 32 32 32h32c17.67 0 32-14.33 32-32V304h144c17.67 0 32-14.33 32-32v-32c0-17.67-14.33-32-32-32z\"><\/path><\/svg><\/span>\n\t\t<\/span>\n\n\t\t\t\t\t\t<\/summary>\n\t\t\t\t<div role=\"region\" aria-labelledby=\"e-n-accordion-item-1540\" class=\"elementor-element elementor-element-9b37c9b e-con-full e-flex e-con e-child\" data-id=\"9b37c9b\" data-element_type=\"container\" data-e-type=\"container\">\n\t\t\t\t<div class=\"elementor-element elementor-element-6332809 elementor-widget elementor-widget-text-editor\" data-id=\"6332809\" data-element_type=\"widget\" data-e-type=\"widget\" data-widget_type=\"text-editor.default\">\n\t\t\t\t<div class=\"elementor-widget-container\">\n\t\t\t\t\t\t\t\t\t<ul><li><strong><a href=\"https:\/\/maps.app.goo.gl\/FieVXVC9oPKmznn76\">\u03a3\u03c4\u03b9\u03c2 \u03b1\u03c0\u03bf\u03bb\u03b1\u03cd\u03c3\u03b5\u03b9\u03c2 \u03c4\u03bf\u03c5 Noc\u00e9<\/a><\/strong> - 70 rue Th\u00e9ophile Gaubert<\/li><li><strong><a href=\"https:\/\/maps.app.goo.gl\/QYt6YxiSk1ueAraV8\">\u0397 \u03bd\u03b5\u03c1\u03ac\u03b9\u03b4\u03b1 \u03c4\u03bf\u03c5 \u03c3\u03b9\u03c4\u03b1\u03c1\u03b9\u03bf\u03cd<\/a><\/strong> - 79 rue Paul et Camille Thomoux<\/li><li><strong><a href=\"https:\/\/maps.app.goo.gl\/c5k46vrpQbvtaKn96\">\u03a6\u03bf\u03cd\u03c1\u03bd\u03bf\u03c2 Fatfat<\/a><\/strong> - 26 avenue Paul Doumer<\/li><li><strong><a href=\"https:\/\/maps.app.goo.gl\/Ur7Fkxm1MoWoXfgLA\">The Golden Ear Collective<\/a><\/strong> - 91 avenue de Verdun<\/li><li><strong><a href=\"https:\/\/maps.app.goo.gl\/oMm1Uv6CLXMMc839A\">Ange<\/a> <\/strong>- \u0395\u03bc\u03c0\u03bf\u03c1\u03b9\u03ba\u03cc \u03ba\u03ad\u03bd\u03c4\u03c1\u03bf Baobab, boulevard du Mar\u00e9chal Foch<\/li><li><strong><a href=\"https:\/\/maps.app.goo.gl\/2BhdHEpLbKpSXPbA7\">Le Moulin d'Ange<\/a><\/strong> - 8 place Louise Lab\u00e9<\/li><\/ul>\t\t\t\t\t\t\t\t<\/div>\n\t\t\t\t<\/div>\n\t\t\t\t<\/div>\n\t\t\t\t\t<\/details>\n\t\t\t\t\t\t<details id=\"e-n-accordion-item-1541\" class=\"e-n-accordion-item\" >\n\t\t\t\t<summary class=\"e-n-accordion-item-title\" data-accordion-index=\"2\" tabindex=\"-1\" aria-expanded=\"false\" aria-controls=\"e-n-accordion-item-1541\" >\n\t\t\t\t\t<span class='e-n-accordion-item-title-header'><div class=\"e-n-accordion-item-title-text\"> \ud83d\uded2 \u039a\u03b1\u03c4\u03b1\u03c3\u03c4\u03ae\u03bc\u03b1\u03c4\u03b1 <\/div><\/span>\n\t\t\t\t\t\t\t<span class='e-n-accordion-item-title-icon'>\n\t\t\t<span class='e-opened' ><svg aria-hidden=\"true\" class=\"e-font-icon-svg e-fas-minus\" viewbox=\"0 0 448 512\" xmlns=\"http:\/\/www.w3.org\/2000\/svg\"><path d=\"M416 208H32c-17.67 0-32 14.33-32 32v32c0 17.67 14.33 32 32 32h384c17.67 0 32-14.33 32-32v-32c0-17.67-14.33-32-32-32z\"><\/path><\/svg><\/span>\n\t\t\t<span class='e-closed'><svg aria-hidden=\"true\" class=\"e-font-icon-svg e-fas-plus\" viewbox=\"0 0 448 512\" xmlns=\"http:\/\/www.w3.org\/2000\/svg\"><path d=\"M416 208H272V64c0-17.67-14.33-32-32-32h-32c-17.67 0-32 14.33-32 32v144H32c-17.67 0-32 14.33-32 32v32c0 17.67 14.33 32 32 32h144v144c0 17.67 14.33 32 32 32h32c17.67 0 32-14.33 32-32V304h144c17.67 0 32-14.33 32-32v-32c0-17.67-14.33-32-32-32z\"><\/path><\/svg><\/span>\n\t\t<\/span>\n\n\t\t\t\t\t\t<\/summary>\n\t\t\t\t<div role=\"region\" aria-labelledby=\"e-n-accordion-item-1541\" class=\"elementor-element elementor-element-4d06cf6 e-con-full e-flex e-con e-child\" data-id=\"4d06cf6\" data-element_type=\"container\" data-e-type=\"container\">\n\t\t\t\t<div class=\"elementor-element elementor-element-5ec7b55 elementor-widget elementor-widget-text-editor\" data-id=\"5ec7b55\" data-element_type=\"widget\" data-e-type=\"widget\" data-widget_type=\"text-editor.default\">\n\t\t\t\t<div class=\"elementor-widget-container\">\n\t\t\t\t\t\t\t\t\t<ul><li><strong><a href=\"https:\/\/maps.app.goo.gl\/hubsXNeqVfmvuzPc6\">Franprix<\/a> <\/strong>- 68 avenue du g\u00e9n\u00e9ral de Gaulle<\/li><li><strong><a href=\"https:\/\/maps.app.goo.gl\/uW6g1yuuA7u7qeZg8\">Lidl<\/a> <\/strong>- 113 avenue du g\u00e9n\u00e9ral de Gaulle<\/li><li><strong><a href=\"https:\/\/maps.app.goo.gl\/9BfMLYsRVbKzT5Go7\">Auchan<\/a> <\/strong>- \u0395\u03bc\u03c0\u03bf\u03c1\u03b9\u03ba\u03cc \u03ba\u03ad\u03bd\u03c4\u03c1\u03bf Baobab, boulevard du Mar\u00e9chal Foch<\/li><li><strong><a href=\"https:\/\/maps.app.goo.gl\/5bcSkTiTjw8faiu67\">Hyper U<\/a><\/strong> - 25 avenue Jean Jaur\u00e8s<\/li><li><strong><a href=\"https:\/\/maps.app.goo.gl\/PBctcGGrYZ1YL6pU9\">\u0391\u03b3\u03bf\u03c1\u03ac \u03c4\u03b7\u03c2 \u03a0\u03bf\u03c1\u03c4\u03bf\u03b3\u03b1\u03bb\u03af\u03b1\u03c2<\/a><\/strong> - 50 avenue Paul Doumer<\/li><li><strong><a href=\"https:\/\/maps.app.goo.gl\/8soFg2CcGwAPqtSu6\">Franprix<\/a> <\/strong>- 70 rue du 11 novembre<\/li><li><strong><a href=\"https:\/\/maps.app.goo.gl\/oC5J4UpgiK7reHqq8\">Lidl<\/a> <\/strong>- 17 avenue Robert Schumann<\/li><\/ul>\t\t\t\t\t\t\t\t<\/div>\n\t\t\t\t<\/div>\n\t\t\t\t<\/div>\n\t\t\t\t\t<\/details>\n\t\t\t\t\t\t<details id=\"e-n-accordion-item-1542\" class=\"e-n-accordion-item\" >\n\t\t\t\t<summary class=\"e-n-accordion-item-title\" data-accordion-index=\"3\" tabindex=\"-1\" aria-expanded=\"false\" aria-controls=\"e-n-accordion-item-1542\" >\n\t\t\t\t\t<span class='e-n-accordion-item-title-header'><div class=\"e-n-accordion-item-title-text\"> \ud83d\udc8a \u03a6\u03b1\u03c1\u03bc\u03b1\u03ba\u03b5\u03af\u03b1 <\/div><\/span>\n\t\t\t\t\t\t\t<span class='e-n-accordion-item-title-icon'>\n\t\t\t<span class='e-opened' ><svg aria-hidden=\"true\" class=\"e-font-icon-svg e-fas-minus\" viewbox=\"0 0 448 512\" xmlns=\"http:\/\/www.w3.org\/2000\/svg\"><path d=\"M416 208H32c-17.67 0-32 14.33-32 32v32c0 17.67 14.33 32 32 32h384c17.67 0 32-14.33 32-32v-32c0-17.67-14.33-32-32-32z\"><\/path><\/svg><\/span>\n\t\t\t<span class='e-closed'><svg aria-hidden=\"true\" class=\"e-font-icon-svg e-fas-plus\" viewbox=\"0 0 448 512\" xmlns=\"http:\/\/www.w3.org\/2000\/svg\"><path d=\"M416 208H272V64c0-17.67-14.33-32-32-32h-32c-17.67 0-32 14.33-32 32v144H32c-17.67 0-32 14.33-32 32v32c0 17.67 14.33 32 32 32h144v144c0 17.67 14.33 32 32 32h32c17.67 0 32-14.33 32-32V304h144c17.67 0 32-14.33 32-32v-32c0-17.67-14.33-32-32-32z\"><\/path><\/svg><\/span>\n\t\t<\/span>\n\n\t\t\t\t\t\t<\/summary>\n\t\t\t\t<div role=\"region\" aria-labelledby=\"e-n-accordion-item-1542\" class=\"elementor-element elementor-element-8f121a2 e-con-full e-flex e-con e-child\" data-id=\"8f121a2\" data-element_type=\"container\" data-e-type=\"container\">\n\t\t\t\t<div class=\"elementor-element elementor-element-40497ae elementor-widget elementor-widget-text-editor\" data-id=\"40497ae\" data-element_type=\"widget\" data-e-type=\"widget\" data-widget_type=\"text-editor.default\">\n\t\t\t\t<div class=\"elementor-widget-container\">\n\t\t\t\t\t\t\t\t\t<ul><li><strong><a href=\"https:\/\/maps.app.goo.gl\/yovrg3tpXnjXBSDV8\">Pharmacie des Berges<\/a><\/strong> - 10 rue Paul et Camille Thomoux<\/li><li><strong><a href=\"https:\/\/maps.app.goo.gl\/SVJJd1Qc7nFtkLkx5\">\u03a6\u03b1\u03c1\u03bc\u03b1\u03ba\u03b5\u03af\u03bf Revel<\/a><\/strong> - 115 bis avenue du g\u00e9n\u00e9ral de Gaulle<\/li><li><strong><a href=\"https:\/\/maps.app.goo.gl\/YRaFVtY8WCoW7ChR8\">\u03a6\u03b1\u03c1\u03bc\u03b1\u03ba\u03b5\u03af\u03bf Nextypharm<\/a><\/strong> - \u0395\u03bc\u03c0\u03bf\u03c1\u03b9\u03ba\u03cc \u03ba\u03ad\u03bd\u03c4\u03c1\u03bf Baobab, boulevard du Mar\u00e9chal Foch<\/li><li><strong><a href=\"https:\/\/maps.app.goo.gl\/fnVhbtrzK3JoCDQEA\">Grand pharmacie des Jonquilles<\/a><\/strong> - 97 rue du 11 novembre<\/li><li><strong><a href=\"https:\/\/maps.app.goo.gl\/Jk7P374wWTK7SexU9\">\u03a6\u03b1\u03c1\u03bc\u03b1\u03ba\u03b5\u03af\u03bf Houari<\/a><\/strong> - 321 avenue du 8 mai 1945<\/li><li><strong><a href=\"https:\/\/maps.app.goo.gl\/ucnuFNeWfLjkR1qA7\">\u03a6\u03b1\u03c1\u03bc\u03b1\u03ba\u03b5\u03af\u03bf Hyper U<\/a><\/strong> - 25 avenue Jean Jaur\u00e8s<\/li><li><strong><a href=\"https:\/\/maps.app.goo.gl\/Mg6rdrLEt4bK7C2FA\">Pharmacie des Fauvettes<\/a><\/strong> - avenue L\u00e9on Blum<\/li><\/ul>\t\t\t\t\t\t\t\t<\/div>\n\t\t\t\t<\/div>\n\t\t\t\t<\/div>\n\t\t\t\t\t<\/details>\n\t\t\t\t\t<\/div>\n\t\t\t\t\t\t<\/div>\n\t\t\t\t<\/div>\n\t\t\t\t<div class=\"elementor-element elementor-element-ba3e567 elementor-widget elementor-widget-text-editor\" data-id=\"ba3e567\" data-element_type=\"widget\" data-e-type=\"widget\" data-widget_type=\"text-editor.default\">\n\t\t\t\t<div class=\"elementor-widget-container\">\n\t\t\t\t\t\t\t\t\t<p>\u00a0 \u00a0<\/p>\t\t\t\t\t\t\t\t<\/div>\n\t\t\t\t<\/div>\n\t\t\t\t<div class=\"elementor-element elementor-element-e75de91 elementor-widget elementor-widget-text-editor\" data-id=\"e75de91\" data-element_type=\"widget\" data-e-type=\"widget\" data-widget_type=\"text-editor.default\">\n\t\t\t\t<div class=\"elementor-widget-container\">\n\t\t\t\t\t\t\t\t\t<iframe src=\"https:\/\/www.google.com\/maps\/d\/u\/0\/embed?mid=1v0NdIHulMv_obc3jrO_1HRLh0wvTMQw&#038;ehbc=2E312F\" width=\"640\" height=\"480\"><\/iframe>\t\t\t\t\t\t\t\t<\/div>\n\t\t\t\t<\/div>\n\t\t\t\t<div class=\"elementor-element elementor-element-09ea8b3 elementor-widget elementor-widget-text-editor\" data-id=\"09ea8b3\" data-element_type=\"widget\" data-e-type=\"widget\" data-widget_type=\"text-editor.default\">\n\t\t\t\t<div class=\"elementor-widget-container\">\n\t\t\t\t\t\t\t\t\t<p>\u00a0 \u00a0<\/p>\t\t\t\t\t\t\t\t<\/div>\n\t\t\t\t<\/div>\n\t\t\t\t<div class=\"elementor-element elementor-element-b8b0c75 elementor-align-center elementor-tablet-align-center elementor-mobile-align-center elementor-widget elementor-widget-button\" data-id=\"b8b0c75\" data-element_type=\"widget\" data-e-type=\"widget\" data-widget_type=\"button.default\">\n\t\t\t\t<div class=\"elementor-widget-container\">\n\t\t\t\t\t\t\t\t\t<div class=\"elementor-button-wrapper\">\n\t\t\t\t\t<a class=\"elementor-button elementor-button-link elementor-size-sm elementor-animation-float\" href=\"https:\/\/camping.lesrivesdeparis.fr\/el\/informations-pratiques\/\">\n\t\t\t\t\t\t<span class=\"elementor-button-content-wrapper\">\n\t\t\t\t\t\t\t\t\t<span class=\"elementor-button-text\">\u03a0\u03c1\u03b1\u03ba\u03c4\u03b9\u03ba\u03ad\u03c2 \u03c0\u03bb\u03b7\u03c1\u03bf\u03c6\u03bf\u03c1\u03af\u03b5\u03c2<\/span>\n\t\t\t\t\t<\/span>\n\t\t\t\t\t<\/a>\n\t\t\t\t<\/div>\n\t\t\t\t\t\t\t\t<\/div>\n\t\t\t\t<\/div>\n\t\t\t\t\t<\/div>\n\t\t<\/div>\n\t\t\t\t\t<\/div>\n\t\t<\/section>\n\t\t\t\t<\/div>","protected":false},"excerpt":{"rendered":"<p>\ud83e\udd56 Boulangeries Aux d\u00e9lices noc\u00e9ens &#8211; 70 rue Th\u00e9ophile Gaubert La f\u00e9e des bl\u00e9s &#8211; 79 rue Paul et Camille Thomoux Boulangerie Fatfat &#8211; 26 avenue Paul Doumer La collective de l&rsquo;\u00e9pi d&rsquo;or &#8211; 91 avenue de Verdun Ange &#8211; Centre commercial Baobab, boulevard du Mar\u00e9chal Foch Le Moulin d&rsquo;Ange &#8211; 8 place Louise Lab\u00e9 [&hellip;]<\/p>\n","protected":false},"author":1,"featured_media":8550,"parent":0,"menu_order":0,"comment_status":"closed","ping_status":"closed","template":"","meta":{"footnotes":""},"class_list":["post-8272","page","type-page","status-publish","has-post-thumbnail","hentry"],"yoast_head":"<!-- This site is optimized with the Yoast SEO plugin v27.4 - https:\/\/yoast.com\/product\/yoast-seo-wordpress\/ -->\n<title>\u00c0 proximit\u00e9 du camping - Camping Les Rives de Paris<\/title>\n<meta name=\"description\" content=\"Les services \u00e0 proximit\u00e9 du camping les Rives de Paris \u00e0 Neuilly-sur-Marne : Boulangerie, Commerces et Pharmacie.\" \/>\n<meta name=\"robots\" content=\"index, follow, max-snippet:-1, max-image-preview:large, max-video-preview:-1\" \/>\n<link rel=\"canonical\" href=\"https:\/\/camping.lesrivesdeparis.fr\/el\/a-proximite-du-camping\/\" \/>\n<meta property=\"og:locale\" content=\"el_GR\" \/>\n<meta property=\"og:type\" content=\"article\" \/>\n<meta property=\"og:title\" content=\"\u00c0 proximit\u00e9 du camping - Camping Les Rives de Paris\" \/>\n<meta property=\"og:description\" content=\"Les services \u00e0 proximit\u00e9 du camping les Rives de Paris \u00e0 Neuilly-sur-Marne : Boulangerie, Commerces et Pharmacie.\" \/>\n<meta property=\"og:url\" content=\"https:\/\/camping.lesrivesdeparis.fr\/el\/a-proximite-du-camping\/\" \/>\n<meta property=\"og:site_name\" content=\"Camping Les Rives de Paris\" \/>\n<meta property=\"article:publisher\" content=\"https:\/\/www.facebook.com\/ville.neuilly\" \/>\n<meta property=\"article:modified_time\" content=\"2026-01-23T17:52:03+00:00\" \/>\n<meta property=\"og:image\" content=\"https:\/\/camping.lesrivesdeparis.fr\/wp-content\/uploads\/2022\/05\/mob.jpg\" \/>\n\t<meta property=\"og:image:width\" content=\"800\" \/>\n\t<meta property=\"og:image:height\" content=\"534\" \/>\n\t<meta property=\"og:image:type\" content=\"image\/jpeg\" \/>\n<meta name=\"twitter:card\" content=\"summary_large_image\" \/>\n<meta name=\"twitter:label1\" content=\"\u0395\u03ba\u03c4\u03b9\u03bc\u03ce\u03bc\u03b5\u03bd\u03bf\u03c2 \u03c7\u03c1\u03cc\u03bd\u03bf\u03c2 \u03b1\u03bd\u03ac\u03b3\u03bd\u03c9\u03c3\u03b7\u03c2\" \/>\n\t<meta name=\"twitter:data1\" content=\"3 \u03bb\u03b5\u03c0\u03c4\u03ac\" \/>\n<script type=\"application\/ld+json\" class=\"yoast-schema-graph\">{\"@context\":\"https:\\\/\\\/schema.org\",\"@graph\":[{\"@type\":\"WebPage\",\"@id\":\"https:\\\/\\\/camping.lesrivesdeparis.fr\\\/en\\\/a-proximite-du-camping\\\/\",\"url\":\"https:\\\/\\\/camping.lesrivesdeparis.fr\\\/en\\\/a-proximite-du-camping\\\/\",\"name\":\"\u00c0 proximit\u00e9 du camping - Camping Les Rives de Paris\",\"isPartOf\":{\"@id\":\"https:\\\/\\\/camping.lesrivesdeparis.fr\\\/#website\"},\"primaryImageOfPage\":{\"@id\":\"https:\\\/\\\/camping.lesrivesdeparis.fr\\\/en\\\/a-proximite-du-camping\\\/#primaryimage\"},\"image\":{\"@id\":\"https:\\\/\\\/camping.lesrivesdeparis.fr\\\/en\\\/a-proximite-du-camping\\\/#primaryimage\"},\"thumbnailUrl\":\"https:\\\/\\\/camping.lesrivesdeparis.fr\\\/wp-content\\\/uploads\\\/2022\\\/05\\\/mob.jpg\",\"datePublished\":\"2022-05-12T10:24:01+00:00\",\"dateModified\":\"2026-01-23T17:52:03+00:00\",\"description\":\"Les services \u00e0 proximit\u00e9 du camping les Rives de Paris \u00e0 Neuilly-sur-Marne : Boulangerie, Commerces et Pharmacie.\",\"breadcrumb\":{\"@id\":\"https:\\\/\\\/camping.lesrivesdeparis.fr\\\/en\\\/a-proximite-du-camping\\\/#breadcrumb\"},\"inLanguage\":\"el\",\"potentialAction\":[{\"@type\":\"ReadAction\",\"target\":[\"https:\\\/\\\/camping.lesrivesdeparis.fr\\\/en\\\/a-proximite-du-camping\\\/\"]}]},{\"@type\":\"ImageObject\",\"inLanguage\":\"el\",\"@id\":\"https:\\\/\\\/camping.lesrivesdeparis.fr\\\/en\\\/a-proximite-du-camping\\\/#primaryimage\",\"url\":\"https:\\\/\\\/camping.lesrivesdeparis.fr\\\/wp-content\\\/uploads\\\/2022\\\/05\\\/mob.jpg\",\"contentUrl\":\"https:\\\/\\\/camping.lesrivesdeparis.fr\\\/wp-content\\\/uploads\\\/2022\\\/05\\\/mob.jpg\",\"width\":800,\"height\":534},{\"@type\":\"BreadcrumbList\",\"@id\":\"https:\\\/\\\/camping.lesrivesdeparis.fr\\\/en\\\/a-proximite-du-camping\\\/#breadcrumb\",\"itemListElement\":[{\"@type\":\"ListItem\",\"position\":1,\"name\":\"Accueil\",\"item\":\"https:\\\/\\\/camping.lesrivesdeparis.fr\\\/\"},{\"@type\":\"ListItem\",\"position\":2,\"name\":\"\u00c0 proximit\u00e9 du camping\"}]},{\"@type\":\"WebSite\",\"@id\":\"https:\\\/\\\/camping.lesrivesdeparis.fr\\\/#website\",\"url\":\"https:\\\/\\\/camping.lesrivesdeparis.fr\\\/\",\"name\":\"Camping Les Rives de Paris\",\"description\":\"\",\"publisher\":{\"@id\":\"https:\\\/\\\/camping.lesrivesdeparis.fr\\\/#organization\"},\"potentialAction\":[{\"@type\":\"SearchAction\",\"target\":{\"@type\":\"EntryPoint\",\"urlTemplate\":\"https:\\\/\\\/camping.lesrivesdeparis.fr\\\/?s={search_term_string}\"},\"query-input\":{\"@type\":\"PropertyValueSpecification\",\"valueRequired\":true,\"valueName\":\"search_term_string\"}}],\"inLanguage\":\"el\"},{\"@type\":\"Organization\",\"@id\":\"https:\\\/\\\/camping.lesrivesdeparis.fr\\\/#organization\",\"name\":\"Camping Les rives de Paris\",\"url\":\"https:\\\/\\\/camping.lesrivesdeparis.fr\\\/\",\"logo\":{\"@type\":\"ImageObject\",\"inLanguage\":\"el\",\"@id\":\"https:\\\/\\\/camping.lesrivesdeparis.fr\\\/#\\\/schema\\\/logo\\\/image\\\/\",\"url\":\"https:\\\/\\\/camping.lesrivesdeparis.fr\\\/wp-content\\\/uploads\\\/2022\\\/06\\\/logo-camping-rives-paris-scaled.jpg\",\"contentUrl\":\"https:\\\/\\\/camping.lesrivesdeparis.fr\\\/wp-content\\\/uploads\\\/2022\\\/06\\\/logo-camping-rives-paris-scaled.jpg\",\"width\":2329,\"height\":2560,\"caption\":\"Camping Les rives de Paris\"},\"image\":{\"@id\":\"https:\\\/\\\/camping.lesrivesdeparis.fr\\\/#\\\/schema\\\/logo\\\/image\\\/\"},\"sameAs\":[\"https:\\\/\\\/www.facebook.com\\\/ville.neuilly\",\"https:\\\/\\\/www.instagram.com\\\/neuilly_marne\\\/\",\"https:\\\/\\\/www.linkedin.com\\\/company\\\/ville-de-neuilly-sur-marne\\\/\"]}]}<\/script>\n<!-- \/ Yoast SEO plugin. -->","yoast_head_json":{"title":"\u039a\u03bf\u03bd\u03c4\u03ac \u03c3\u03c4\u03b7\u03bd \u03ba\u03b1\u03c4\u03b1\u03c3\u03ba\u03ae\u03bd\u03c9\u03c3\u03b7 - Camping Les Rives de Paris","description":"\u03a5\u03c0\u03b7\u03c1\u03b5\u03c3\u03af\u03b5\u03c2 \u03ba\u03bf\u03bd\u03c4\u03ac \u03c3\u03c4\u03bf camping les Rives de Paris \u03c3\u03c4\u03bf Neuilly-sur-Marne: \u0391\u03c1\u03c4\u03bf\u03c0\u03bf\u03b9\u03b5\u03af\u03bf, \u039a\u03b1\u03c4\u03b1\u03c3\u03c4\u03ae\u03bc\u03b1\u03c4\u03b1 \u03ba\u03b1\u03b9 \u03a6\u03b1\u03c1\u03bc\u03b1\u03ba\u03b5\u03af\u03bf.","robots":{"index":"index","follow":"follow","max-snippet":"max-snippet:-1","max-image-preview":"max-image-preview:large","max-video-preview":"max-video-preview:-1"},"canonical":"https:\/\/camping.lesrivesdeparis.fr\/el\/a-proximite-du-camping\/","og_locale":"el_GR","og_type":"article","og_title":"\u00c0 proximit\u00e9 du camping - Camping Les Rives de Paris","og_description":"Les services \u00e0 proximit\u00e9 du camping les Rives de Paris \u00e0 Neuilly-sur-Marne : Boulangerie, Commerces et Pharmacie.","og_url":"https:\/\/camping.lesrivesdeparis.fr\/el\/a-proximite-du-camping\/","og_site_name":"Camping Les Rives de Paris","article_publisher":"https:\/\/www.facebook.com\/ville.neuilly","article_modified_time":"2026-01-23T17:52:03+00:00","og_image":[{"width":800,"height":534,"url":"https:\/\/camping.lesrivesdeparis.fr\/wp-content\/uploads\/2022\/05\/mob.jpg","type":"image\/jpeg"}],"twitter_card":"summary_large_image","twitter_misc":{"\u0395\u03ba\u03c4\u03b9\u03bc\u03ce\u03bc\u03b5\u03bd\u03bf\u03c2 \u03c7\u03c1\u03cc\u03bd\u03bf\u03c2 \u03b1\u03bd\u03ac\u03b3\u03bd\u03c9\u03c3\u03b7\u03c2":"3 \u03bb\u03b5\u03c0\u03c4\u03ac"},"schema":{"@context":"https:\/\/schema.org","@graph":[{"@type":"WebPage","@id":"https:\/\/camping.lesrivesdeparis.fr\/en\/a-proximite-du-camping\/","url":"https:\/\/camping.lesrivesdeparis.fr\/en\/a-proximite-du-camping\/","name":"\u039a\u03bf\u03bd\u03c4\u03ac \u03c3\u03c4\u03b7\u03bd \u03ba\u03b1\u03c4\u03b1\u03c3\u03ba\u03ae\u03bd\u03c9\u03c3\u03b7 - Camping Les Rives de Paris","isPartOf":{"@id":"https:\/\/camping.lesrivesdeparis.fr\/#website"},"primaryImageOfPage":{"@id":"https:\/\/camping.lesrivesdeparis.fr\/en\/a-proximite-du-camping\/#primaryimage"},"image":{"@id":"https:\/\/camping.lesrivesdeparis.fr\/en\/a-proximite-du-camping\/#primaryimage"},"thumbnailUrl":"https:\/\/camping.lesrivesdeparis.fr\/wp-content\/uploads\/2022\/05\/mob.jpg","datePublished":"2022-05-12T10:24:01+00:00","dateModified":"2026-01-23T17:52:03+00:00","description":"\u03a5\u03c0\u03b7\u03c1\u03b5\u03c3\u03af\u03b5\u03c2 \u03ba\u03bf\u03bd\u03c4\u03ac \u03c3\u03c4\u03bf camping les Rives de Paris \u03c3\u03c4\u03bf Neuilly-sur-Marne: \u0391\u03c1\u03c4\u03bf\u03c0\u03bf\u03b9\u03b5\u03af\u03bf, \u039a\u03b1\u03c4\u03b1\u03c3\u03c4\u03ae\u03bc\u03b1\u03c4\u03b1 \u03ba\u03b1\u03b9 \u03a6\u03b1\u03c1\u03bc\u03b1\u03ba\u03b5\u03af\u03bf.","breadcrumb":{"@id":"https:\/\/camping.lesrivesdeparis.fr\/en\/a-proximite-du-camping\/#breadcrumb"},"inLanguage":"el","potentialAction":[{"@type":"ReadAction","target":["https:\/\/camping.lesrivesdeparis.fr\/en\/a-proximite-du-camping\/"]}]},{"@type":"ImageObject","inLanguage":"el","@id":"https:\/\/camping.lesrivesdeparis.fr\/en\/a-proximite-du-camping\/#primaryimage","url":"https:\/\/camping.lesrivesdeparis.fr\/wp-content\/uploads\/2022\/05\/mob.jpg","contentUrl":"https:\/\/camping.lesrivesdeparis.fr\/wp-content\/uploads\/2022\/05\/mob.jpg","width":800,"height":534},{"@type":"BreadcrumbList","@id":"https:\/\/camping.lesrivesdeparis.fr\/en\/a-proximite-du-camping\/#breadcrumb","itemListElement":[{"@type":"ListItem","position":1,"name":"Accueil","item":"https:\/\/camping.lesrivesdeparis.fr\/"},{"@type":"ListItem","position":2,"name":"\u00c0 proximit\u00e9 du camping"}]},{"@type":"WebSite","@id":"https:\/\/camping.lesrivesdeparis.fr\/#website","url":"https:\/\/camping.lesrivesdeparis.fr\/","name":"\u03a7\u03ce\u03c1\u03bf\u03c2 \u03ba\u03b1\u03c4\u03b1\u03c3\u03ba\u03ae\u03bd\u03c9\u03c3\u03b7\u03c2 Les Rives de Paris","description":"","publisher":{"@id":"https:\/\/camping.lesrivesdeparis.fr\/#organization"},"potentialAction":[{"@type":"SearchAction","target":{"@type":"EntryPoint","urlTemplate":"https:\/\/camping.lesrivesdeparis.fr\/?s={search_term_string}"},"query-input":{"@type":"PropertyValueSpecification","valueRequired":true,"valueName":"search_term_string"}}],"inLanguage":"el"},{"@type":"Organization","@id":"https:\/\/camping.lesrivesdeparis.fr\/#organization","name":"\u039a\u03b1\u03c4\u03b1\u03c3\u03ba\u03ae\u03bd\u03c9\u03c3\u03b7 Les rives de Paris","url":"https:\/\/camping.lesrivesdeparis.fr\/","logo":{"@type":"ImageObject","inLanguage":"el","@id":"https:\/\/camping.lesrivesdeparis.fr\/#\/schema\/logo\/image\/","url":"https:\/\/camping.lesrivesdeparis.fr\/wp-content\/uploads\/2022\/06\/logo-camping-rives-paris-scaled.jpg","contentUrl":"https:\/\/camping.lesrivesdeparis.fr\/wp-content\/uploads\/2022\/06\/logo-camping-rives-paris-scaled.jpg","width":2329,"height":2560,"caption":"Camping Les rives de Paris"},"image":{"@id":"https:\/\/camping.lesrivesdeparis.fr\/#\/schema\/logo\/image\/"},"sameAs":["https:\/\/www.facebook.com\/ville.neuilly","https:\/\/www.instagram.com\/neuilly_marne\/","https:\/\/www.linkedin.com\/company\/ville-de-neuilly-sur-marne\/"]}]}},"_links":{"self":[{"href":"https:\/\/camping.lesrivesdeparis.fr\/el\/wp-json\/wp\/v2\/pages\/8272","targetHints":{"allow":["GET"]}}],"collection":[{"href":"https:\/\/camping.lesrivesdeparis.fr\/el\/wp-json\/wp\/v2\/pages"}],"about":[{"href":"https:\/\/camping.lesrivesdeparis.fr\/el\/wp-json\/wp\/v2\/types\/page"}],"author":[{"embeddable":true,"href":"https:\/\/camping.lesrivesdeparis.fr\/el\/wp-json\/wp\/v2\/users\/1"}],"replies":[{"embeddable":true,"href":"https:\/\/camping.lesrivesdeparis.fr\/el\/wp-json\/wp\/v2\/comments?post=8272"}],"version-history":[{"count":15,"href":"https:\/\/camping.lesrivesdeparis.fr\/el\/wp-json\/wp\/v2\/pages\/8272\/revisions"}],"predecessor-version":[{"id":11556,"href":"https:\/\/camping.lesrivesdeparis.fr\/el\/wp-json\/wp\/v2\/pages\/8272\/revisions\/11556"}],"wp:featuredmedia":[{"embeddable":true,"href":"https:\/\/camping.lesrivesdeparis.fr\/el\/wp-json\/wp\/v2\/media\/8550"}],"wp:attachment":[{"href":"https:\/\/camping.lesrivesdeparis.fr\/el\/wp-json\/wp\/v2\/media?parent=8272"}],"curies":[{"name":"wp","href":"https:\/\/api.w.org\/{rel}","templated":true}]}}