{"id":9553,"date":"2022-06-07T10:43:20","date_gmt":"2022-06-07T08:43:20","guid":{"rendered":"https:\/\/camping.lesrivesdeparis.fr\/?page_id=9553"},"modified":"2024-09-12T16:07:36","modified_gmt":"2024-09-12T14:07:36","slug":"camping-les-rives-de-paris","status":"publish","type":"page","link":"https:\/\/camping.lesrivesdeparis.fr\/el\/camping-les-rives-de-paris\/","title":{"rendered":"\u03a7\u03ce\u03c1\u03bf\u03c2 \u03ba\u03b1\u03c4\u03b1\u03c3\u03ba\u03ae\u03bd\u03c9\u03c3\u03b7\u03c2 Les Rives de Paris"},"content":{"rendered":"<div data-elementor-type=\"wp-page\" data-elementor-id=\"9553\" class=\"elementor elementor-9553\" data-elementor-post-type=\"page\">\n\t\t\t\t\t\t<section class=\"elementor-section elementor-top-section elementor-element elementor-element-bebc1b4 elementor-section-boxed elementor-section-height-default elementor-section-height-default\" data-id=\"bebc1b4\" data-element_type=\"section\" data-e-type=\"section\">\n\t\t\t\t\t\t<div class=\"elementor-container elementor-column-gap-default\">\n\t\t\t\t\t<div class=\"make-column-clickable-elementor elementor-column elementor-col-50 elementor-top-column elementor-element elementor-element-218083e\" style=\"cursor: pointer;\" data-column-clickable=\"https:\/\/camping.lesrivesdeparis.fr\/presentation\/\" data-column-clickable-blank=\"_self\" data-id=\"218083e\" data-element_type=\"column\" data-e-type=\"column\" data-settings=\"{&quot;background_background&quot;:&quot;classic&quot;}\">\n\t\t\t<div class=\"elementor-widget-wrap elementor-element-populated\">\n\t\t\t\t\t<div class=\"elementor-background-overlay\"><\/div>\n\t\t\t\t\t\t<div class=\"elementor-element elementor-element-aa3a250 elementor-widget elementor-widget-text-editor\" data-id=\"aa3a250\" data-element_type=\"widget\" data-e-type=\"widget\" data-widget_type=\"text-editor.default\">\n\t\t\t\t<div class=\"elementor-widget-container\">\n\t\t\t\t\t\t\t\t\t<p>\u03a0\u03b1\u03c1\u03bf\u03c5\u03c3\u03af\u03b1\u03c3\u03b7<\/p>\t\t\t\t\t\t\t\t<\/div>\n\t\t\t\t<\/div>\n\t\t\t\t\t<\/div>\n\t\t<\/div>\n\t\t\t\t<div class=\"make-column-clickable-elementor elementor-column elementor-col-50 elementor-top-column elementor-element elementor-element-96ce29e\" style=\"cursor: pointer;\" data-column-clickable=\"https:\/\/camping.lesrivesdeparis.fr\/les-travaux-de-renovation\/\" data-column-clickable-blank=\"_self\" data-id=\"96ce29e\" data-element_type=\"column\" data-e-type=\"column\" data-settings=\"{&quot;background_background&quot;:&quot;classic&quot;}\">\n\t\t\t<div class=\"elementor-widget-wrap elementor-element-populated\">\n\t\t\t\t\t<div class=\"elementor-background-overlay\"><\/div>\n\t\t\t\t\t\t<div class=\"elementor-element elementor-element-e8a278e elementor-widget elementor-widget-text-editor\" data-id=\"e8a278e\" data-element_type=\"widget\" data-e-type=\"widget\" data-widget_type=\"text-editor.default\">\n\t\t\t\t<div class=\"elementor-widget-container\">\n\t\t\t\t\t\t\t\t\t<p>\u0395\u03c1\u03b3\u03b1\u03c3\u03af\u03b5\u03c2 \u03b1\u03bd\u03b1\u03ba\u03b1\u03af\u03bd\u03b9\u03c3\u03b7\u03c2<\/p>\t\t\t\t\t\t\t\t<\/div>\n\t\t\t\t<\/div>\n\t\t\t\t\t<\/div>\n\t\t<\/div>\n\t\t\t\t\t<\/div>\n\t\t<\/section>\n\t\t\t\t<section class=\"elementor-section elementor-top-section elementor-element elementor-element-332e46c elementor-section-boxed elementor-section-height-default elementor-section-height-default\" data-id=\"332e46c\" data-element_type=\"section\" data-e-type=\"section\">\n\t\t\t\t\t\t<div class=\"elementor-container elementor-column-gap-default\">\n\t\t\t\t\t<div class=\"make-column-clickable-elementor elementor-column elementor-col-50 elementor-top-column elementor-element elementor-element-8fb0564\" style=\"cursor: pointer;\" data-column-clickable=\"https:\/\/camping.lesrivesdeparis.fr\/la-vie-au-camping\/\" data-column-clickable-blank=\"_self\" data-id=\"8fb0564\" data-element_type=\"column\" data-e-type=\"column\" data-settings=\"{&quot;background_background&quot;:&quot;classic&quot;}\">\n\t\t\t<div class=\"elementor-widget-wrap elementor-element-populated\">\n\t\t\t\t\t<div class=\"elementor-background-overlay\"><\/div>\n\t\t\t\t\t\t<div class=\"elementor-element elementor-element-4696052 elementor-widget elementor-widget-text-editor\" data-id=\"4696052\" data-element_type=\"widget\" data-e-type=\"widget\" data-widget_type=\"text-editor.default\">\n\t\t\t\t<div class=\"elementor-widget-container\">\n\t\t\t\t\t\t\t\t\t<p>\u0397 \u03b6\u03c9\u03ae \u03c3\u03c4\u03bf \u03ba\u03ac\u03bc\u03c0\u03b9\u03bd\u03b3\u03ba<\/p>\t\t\t\t\t\t\t\t<\/div>\n\t\t\t\t<\/div>\n\t\t\t\t\t<\/div>\n\t\t<\/div>\n\t\t\t\t<div class=\"make-column-clickable-elementor elementor-column elementor-col-50 elementor-top-column elementor-element elementor-element-f33f03a\" style=\"cursor: pointer;\" data-column-clickable=\"https:\/\/camping.lesrivesdeparis.fr\/un-camping-engage\/\" data-column-clickable-blank=\"_self\" data-id=\"f33f03a\" data-element_type=\"column\" data-e-type=\"column\" data-settings=\"{&quot;background_background&quot;:&quot;classic&quot;}\">\n\t\t\t<div class=\"elementor-widget-wrap elementor-element-populated\">\n\t\t\t\t\t<div class=\"elementor-background-overlay\"><\/div>\n\t\t\t\t\t\t<div class=\"elementor-element elementor-element-1a7422c elementor-widget elementor-widget-text-editor\" data-id=\"1a7422c\" data-element_type=\"widget\" data-e-type=\"widget\" data-widget_type=\"text-editor.default\">\n\t\t\t\t<div class=\"elementor-widget-container\">\n\t\t\t\t\t\t\t\t\t<p>\u0388\u03bd\u03b1 \u03bf\u03b9\u03ba\u03bf\u03bb\u03bf\u03b3\u03b9\u03ba\u03ac \u03c5\u03c0\u03b5\u03cd\u03b8\u03c5\u03bd\u03bf \u03ba\u03ac\u03bc\u03c0\u03b9\u03bd\u03b3\u03ba<\/p>\t\t\t\t\t\t\t\t<\/div>\n\t\t\t\t<\/div>\n\t\t\t\t\t<\/div>\n\t\t<\/div>\n\t\t\t\t\t<\/div>\n\t\t<\/section>\n\t\t\t\t<\/div>","protected":false},"excerpt":{"rendered":"<p>\u03a0\u03b1\u03c1\u03bf\u03c5\u03c3\u03af\u03b1\u03c3\u03b7 \u0395\u03c1\u03b3\u03b1\u03c3\u03af\u03b5\u03c2 \u03b1\u03bd\u03b1\u03ba\u03b1\u03af\u03bd\u03b9\u03c3\u03b7\u03c2 \u0397 \u03b6\u03c9\u03ae \u03c3\u03c4\u03bf \u03ba\u03ac\u03bc\u03c0\u03b9\u03bd\u03b3\u03ba \u0388\u03bd\u03b1 \u03ba\u03ac\u03bc\u03c0\u03b9\u03bd\u03b3\u03ba \u03bc\u03b5 \u03bf\u03b9\u03ba\u03bf\u03bb\u03bf\u03b3\u03b9\u03ba\u03ae \u03b5\u03c5\u03b8\u03cd\u03bd\u03b7<\/p>","protected":false},"author":1,"featured_media":0,"parent":0,"menu_order":0,"comment_status":"closed","ping_status":"closed","template":"","meta":{"footnotes":""},"class_list":["post-9553","page","type-page","status-publish","hentry"],"yoast_head":"<!-- This site is optimized with the Yoast SEO plugin v27.4 - https:\/\/yoast.com\/product\/yoast-seo-wordpress\/ -->\n<title>Camping Les Rives de Paris - Camping Les Rives de Paris<\/title>\n<meta name=\"robots\" content=\"noindex, follow\" \/>\n<meta property=\"og:locale\" content=\"el_GR\" \/>\n<meta property=\"og:type\" content=\"article\" \/>\n<meta property=\"og:title\" content=\"Camping Les Rives de Paris - Camping Les Rives de Paris\" \/>\n<meta property=\"og:description\" content=\"Pr\u00e9sentation Travaux de r\u00e9novation La vie au Camping Un camping \u00e9coresponsable\" \/>\n<meta property=\"og:url\" content=\"https:\/\/camping.lesrivesdeparis.fr\/el\/camping-les-rives-de-paris\/\" \/>\n<meta property=\"og:site_name\" content=\"Camping Les Rives de Paris\" \/>\n<meta property=\"article:publisher\" content=\"https:\/\/www.facebook.com\/ville.neuilly\" \/>\n<meta property=\"article:modified_time\" content=\"2024-09-12T14:07:36+00:00\" \/>\n<meta property=\"og:image\" content=\"https:\/\/camping.lesrivesdeparis.fr\/wp-content\/uploads\/2022\/06\/logo-camping-rives-paris-scaled.jpg\" \/>\n\t<meta property=\"og:image:width\" content=\"2329\" \/>\n\t<meta property=\"og:image:height\" content=\"2560\" \/>\n\t<meta property=\"og:image:type\" content=\"image\/jpeg\" \/>\n<meta name=\"twitter:card\" content=\"summary_large_image\" \/>\n<meta name=\"twitter:label1\" content=\"\u0395\u03ba\u03c4\u03b9\u03bc\u03ce\u03bc\u03b5\u03bd\u03bf\u03c2 \u03c7\u03c1\u03cc\u03bd\u03bf\u03c2 \u03b1\u03bd\u03ac\u03b3\u03bd\u03c9\u03c3\u03b7\u03c2\" \/>\n\t<meta name=\"twitter:data1\" content=\"1 \u03bb\u03b5\u03c0\u03c4\u03cc\" \/>\n<script type=\"application\/ld+json\" class=\"yoast-schema-graph\">{\"@context\":\"https:\\\/\\\/schema.org\",\"@graph\":[{\"@type\":\"WebPage\",\"@id\":\"https:\\\/\\\/camping.lesrivesdeparis.fr\\\/camping-les-rives-de-paris\\\/\",\"url\":\"https:\\\/\\\/camping.lesrivesdeparis.fr\\\/camping-les-rives-de-paris\\\/\",\"name\":\"Camping Les Rives de Paris - Camping Les Rives de Paris\",\"isPartOf\":{\"@id\":\"https:\\\/\\\/camping.lesrivesdeparis.fr\\\/#website\"},\"datePublished\":\"2022-06-07T08:43:20+00:00\",\"dateModified\":\"2024-09-12T14:07:36+00:00\",\"breadcrumb\":{\"@id\":\"https:\\\/\\\/camping.lesrivesdeparis.fr\\\/camping-les-rives-de-paris\\\/#breadcrumb\"},\"inLanguage\":\"el\",\"potentialAction\":[{\"@type\":\"ReadAction\",\"target\":[\"https:\\\/\\\/camping.lesrivesdeparis.fr\\\/camping-les-rives-de-paris\\\/\"]}]},{\"@type\":\"BreadcrumbList\",\"@id\":\"https:\\\/\\\/camping.lesrivesdeparis.fr\\\/camping-les-rives-de-paris\\\/#breadcrumb\",\"itemListElement\":[{\"@type\":\"ListItem\",\"position\":1,\"name\":\"Accueil\",\"item\":\"https:\\\/\\\/camping.lesrivesdeparis.fr\\\/\"},{\"@type\":\"ListItem\",\"position\":2,\"name\":\"Camping Les Rives de Paris\"}]},{\"@type\":\"WebSite\",\"@id\":\"https:\\\/\\\/camping.lesrivesdeparis.fr\\\/#website\",\"url\":\"https:\\\/\\\/camping.lesrivesdeparis.fr\\\/\",\"name\":\"Camping Les Rives de Paris\",\"description\":\"\",\"publisher\":{\"@id\":\"https:\\\/\\\/camping.lesrivesdeparis.fr\\\/#organization\"},\"potentialAction\":[{\"@type\":\"SearchAction\",\"target\":{\"@type\":\"EntryPoint\",\"urlTemplate\":\"https:\\\/\\\/camping.lesrivesdeparis.fr\\\/?s={search_term_string}\"},\"query-input\":{\"@type\":\"PropertyValueSpecification\",\"valueRequired\":true,\"valueName\":\"search_term_string\"}}],\"inLanguage\":\"el\"},{\"@type\":\"Organization\",\"@id\":\"https:\\\/\\\/camping.lesrivesdeparis.fr\\\/#organization\",\"name\":\"Camping Les rives de Paris\",\"url\":\"https:\\\/\\\/camping.lesrivesdeparis.fr\\\/\",\"logo\":{\"@type\":\"ImageObject\",\"inLanguage\":\"el\",\"@id\":\"https:\\\/\\\/camping.lesrivesdeparis.fr\\\/#\\\/schema\\\/logo\\\/image\\\/\",\"url\":\"https:\\\/\\\/camping.lesrivesdeparis.fr\\\/wp-content\\\/uploads\\\/2022\\\/06\\\/logo-camping-rives-paris-scaled.jpg\",\"contentUrl\":\"https:\\\/\\\/camping.lesrivesdeparis.fr\\\/wp-content\\\/uploads\\\/2022\\\/06\\\/logo-camping-rives-paris-scaled.jpg\",\"width\":2329,\"height\":2560,\"caption\":\"Camping Les rives de Paris\"},\"image\":{\"@id\":\"https:\\\/\\\/camping.lesrivesdeparis.fr\\\/#\\\/schema\\\/logo\\\/image\\\/\"},\"sameAs\":[\"https:\\\/\\\/www.facebook.com\\\/ville.neuilly\",\"https:\\\/\\\/www.instagram.com\\\/neuilly_marne\\\/\",\"https:\\\/\\\/www.linkedin.com\\\/company\\\/ville-de-neuilly-sur-marne\\\/\"]}]}<\/script>\n<!-- \/ Yoast SEO plugin. -->","yoast_head_json":{"title":"Camping Les Rives de Paris - Camping Les Rives de Paris","robots":{"index":"noindex","follow":"follow"},"og_locale":"el_GR","og_type":"article","og_title":"Camping Les Rives de Paris - Camping Les Rives de Paris","og_description":"Pr\u00e9sentation Travaux de r\u00e9novation La vie au Camping Un camping \u00e9coresponsable","og_url":"https:\/\/camping.lesrivesdeparis.fr\/el\/camping-les-rives-de-paris\/","og_site_name":"Camping Les Rives de Paris","article_publisher":"https:\/\/www.facebook.com\/ville.neuilly","article_modified_time":"2024-09-12T14:07:36+00:00","og_image":[{"width":2329,"height":2560,"url":"https:\/\/camping.lesrivesdeparis.fr\/wp-content\/uploads\/2022\/06\/logo-camping-rives-paris-scaled.jpg","type":"image\/jpeg"}],"twitter_card":"summary_large_image","twitter_misc":{"\u0395\u03ba\u03c4\u03b9\u03bc\u03ce\u03bc\u03b5\u03bd\u03bf\u03c2 \u03c7\u03c1\u03cc\u03bd\u03bf\u03c2 \u03b1\u03bd\u03ac\u03b3\u03bd\u03c9\u03c3\u03b7\u03c2":"1 \u03bb\u03b5\u03c0\u03c4\u03cc"},"schema":{"@context":"https:\/\/schema.org","@graph":[{"@type":"WebPage","@id":"https:\/\/camping.lesrivesdeparis.fr\/camping-les-rives-de-paris\/","url":"https:\/\/camping.lesrivesdeparis.fr\/camping-les-rives-de-paris\/","name":"Camping Les Rives de Paris - Camping Les Rives de Paris","isPartOf":{"@id":"https:\/\/camping.lesrivesdeparis.fr\/#website"},"datePublished":"2022-06-07T08:43:20+00:00","dateModified":"2024-09-12T14:07:36+00:00","breadcrumb":{"@id":"https:\/\/camping.lesrivesdeparis.fr\/camping-les-rives-de-paris\/#breadcrumb"},"inLanguage":"el","potentialAction":[{"@type":"ReadAction","target":["https:\/\/camping.lesrivesdeparis.fr\/camping-les-rives-de-paris\/"]}]},{"@type":"BreadcrumbList","@id":"https:\/\/camping.lesrivesdeparis.fr\/camping-les-rives-de-paris\/#breadcrumb","itemListElement":[{"@type":"ListItem","position":1,"name":"Accueil","item":"https:\/\/camping.lesrivesdeparis.fr\/"},{"@type":"ListItem","position":2,"name":"Camping Les Rives de Paris"}]},{"@type":"WebSite","@id":"https:\/\/camping.lesrivesdeparis.fr\/#website","url":"https:\/\/camping.lesrivesdeparis.fr\/","name":"\u03a7\u03ce\u03c1\u03bf\u03c2 \u03ba\u03b1\u03c4\u03b1\u03c3\u03ba\u03ae\u03bd\u03c9\u03c3\u03b7\u03c2 Les Rives de Paris","description":"","publisher":{"@id":"https:\/\/camping.lesrivesdeparis.fr\/#organization"},"potentialAction":[{"@type":"SearchAction","target":{"@type":"EntryPoint","urlTemplate":"https:\/\/camping.lesrivesdeparis.fr\/?s={search_term_string}"},"query-input":{"@type":"PropertyValueSpecification","valueRequired":true,"valueName":"search_term_string"}}],"inLanguage":"el"},{"@type":"Organization","@id":"https:\/\/camping.lesrivesdeparis.fr\/#organization","name":"\u039a\u03b1\u03c4\u03b1\u03c3\u03ba\u03ae\u03bd\u03c9\u03c3\u03b7 Les rives de Paris","url":"https:\/\/camping.lesrivesdeparis.fr\/","logo":{"@type":"ImageObject","inLanguage":"el","@id":"https:\/\/camping.lesrivesdeparis.fr\/#\/schema\/logo\/image\/","url":"https:\/\/camping.lesrivesdeparis.fr\/wp-content\/uploads\/2022\/06\/logo-camping-rives-paris-scaled.jpg","contentUrl":"https:\/\/camping.lesrivesdeparis.fr\/wp-content\/uploads\/2022\/06\/logo-camping-rives-paris-scaled.jpg","width":2329,"height":2560,"caption":"Camping Les rives de Paris"},"image":{"@id":"https:\/\/camping.lesrivesdeparis.fr\/#\/schema\/logo\/image\/"},"sameAs":["https:\/\/www.facebook.com\/ville.neuilly","https:\/\/www.instagram.com\/neuilly_marne\/","https:\/\/www.linkedin.com\/company\/ville-de-neuilly-sur-marne\/"]}]}},"_links":{"self":[{"href":"https:\/\/camping.lesrivesdeparis.fr\/el\/wp-json\/wp\/v2\/pages\/9553","targetHints":{"allow":["GET"]}}],"collection":[{"href":"https:\/\/camping.lesrivesdeparis.fr\/el\/wp-json\/wp\/v2\/pages"}],"about":[{"href":"https:\/\/camping.lesrivesdeparis.fr\/el\/wp-json\/wp\/v2\/types\/page"}],"author":[{"embeddable":true,"href":"https:\/\/camping.lesrivesdeparis.fr\/el\/wp-json\/wp\/v2\/users\/1"}],"replies":[{"embeddable":true,"href":"https:\/\/camping.lesrivesdeparis.fr\/el\/wp-json\/wp\/v2\/comments?post=9553"}],"version-history":[{"count":9,"href":"https:\/\/camping.lesrivesdeparis.fr\/el\/wp-json\/wp\/v2\/pages\/9553\/revisions"}],"predecessor-version":[{"id":11147,"href":"https:\/\/camping.lesrivesdeparis.fr\/el\/wp-json\/wp\/v2\/pages\/9553\/revisions\/11147"}],"wp:attachment":[{"href":"https:\/\/camping.lesrivesdeparis.fr\/el\/wp-json\/wp\/v2\/media?parent=9553"}],"curies":[{"name":"wp","href":"https:\/\/api.w.org\/{rel}","templated":true}]}}