{"id":10619,"date":"2023-01-30T16:20:09","date_gmt":"2023-01-30T15:20:09","guid":{"rendered":"https:\/\/camping.lesrivesdeparis.fr\/?page_id=10619"},"modified":"2026-01-22T19:56:56","modified_gmt":"2026-01-22T18:56:56","slug":"contact","status":"publish","type":"page","link":"https:\/\/camping.lesrivesdeparis.fr\/en\/contact\/","title":{"rendered":"Contact"},"content":{"rendered":"\t\t<div data-elementor-type=\"wp-page\" data-elementor-id=\"10619\" class=\"elementor elementor-10619\" data-elementor-post-type=\"page\">\n\t\t\t\t\t\t<section class=\"elementor-section elementor-top-section elementor-element elementor-element-6dffc7a elementor-section-boxed elementor-section-height-default elementor-section-height-default\" data-id=\"6dffc7a\" data-element_type=\"section\" data-e-type=\"section\" data-settings=\"{&quot;background_background&quot;:&quot;classic&quot;}\">\n\t\t\t\t\t\t\t<div class=\"elementor-background-overlay\"><\/div>\n\t\t\t\t\t\t\t<div class=\"elementor-container elementor-column-gap-default\">\n\t\t\t\t\t<div class=\"elementor-column elementor-col-100 elementor-top-column elementor-element elementor-element-1152895\" data-id=\"1152895\" data-element_type=\"column\" data-e-type=\"column\">\n\t\t\t<div class=\"elementor-widget-wrap elementor-element-populated\">\n\t\t\t\t\t\t<div class=\"elementor-element elementor-element-ca77e0e elementor-widget elementor-widget-heading\" data-id=\"ca77e0e\" data-element_type=\"widget\" data-e-type=\"widget\" data-widget_type=\"heading.default\">\n\t\t\t\t<div class=\"elementor-widget-container\">\n\t\t\t\t\t<h2 class=\"elementor-heading-title elementor-size-default\">Contact<\/h2>\t\t\t\t<\/div>\n\t\t\t\t<\/div>\n\t\t\t\t\t<\/div>\n\t\t<\/div>\n\t\t\t\t\t<\/div>\n\t\t<\/section>\n\t\t\t\t<section class=\"elementor-section elementor-top-section elementor-element elementor-element-6234338 elementor-section-boxed elementor-section-height-default elementor-section-height-default\" data-id=\"6234338\" data-element_type=\"section\" data-e-type=\"section\">\n\t\t\t\t\t\t<div class=\"elementor-container elementor-column-gap-default\">\n\t\t\t\t\t<div class=\"elementor-column elementor-col-33 elementor-top-column elementor-element elementor-element-d36f484\" data-id=\"d36f484\" data-element_type=\"column\" data-e-type=\"column\" data-settings=\"{&quot;background_background&quot;:&quot;classic&quot;}\">\n\t\t\t<div class=\"elementor-widget-wrap\">\n\t\t\t\t\t\t\t<\/div>\n\t\t<\/div>\n\t\t\t\t<div class=\"elementor-column elementor-col-33 elementor-top-column elementor-element elementor-element-44697fb\" data-id=\"44697fb\" data-element_type=\"column\" data-e-type=\"column\" data-settings=\"{&quot;background_background&quot;:&quot;classic&quot;}\">\n\t\t\t<div class=\"elementor-widget-wrap elementor-element-populated\">\n\t\t\t\t\t\t<div class=\"elementor-element elementor-element-b8698e6 elementor-widget elementor-widget-heading\" data-id=\"b8698e6\" data-element_type=\"widget\" data-e-type=\"widget\" data-widget_type=\"heading.default\">\n\t\t\t\t<div class=\"elementor-widget-container\">\n\t\t\t\t\t<h2 class=\"elementor-heading-title elementor-size-default\">CONTACT<\/h2>\t\t\t\t<\/div>\n\t\t\t\t<\/div>\n\t\t\t\t<div class=\"elementor-element elementor-element-9d404e7 elementor-button-align-stretch elementor-widget elementor-widget-form\" data-id=\"9d404e7\" data-element_type=\"widget\" data-e-type=\"widget\" data-settings=\"{&quot;step_next_label&quot;:&quot;Suivant&quot;,&quot;step_previous_label&quot;:&quot;Pr\\u00e9c\\u00e9dent&quot;,&quot;button_width&quot;:&quot;100&quot;,&quot;step_type&quot;:&quot;number_text&quot;,&quot;step_icon_shape&quot;:&quot;circle&quot;}\" data-widget_type=\"form.default\">\n\t\t\t\t<div class=\"elementor-widget-container\">\n\t\t\t\t\t\t\t<form class=\"elementor-form\" method=\"post\" name=\"Nouveau formulaire\" aria-label=\"Nouveau formulaire\">\n\t\t\t<input type=\"hidden\" name=\"post_id\" value=\"10619\"\/>\n\t\t\t<input type=\"hidden\" name=\"form_id\" value=\"9d404e7\"\/>\n\t\t\t<input type=\"hidden\" name=\"referer_title\" value=\"Contact - Camping Les Rives de Paris\" \/>\n\n\t\t\t\t\t\t\t<input type=\"hidden\" name=\"queried_id\" value=\"10619\"\/>\n\t\t\t\n\t\t\t<div class=\"elementor-form-fields-wrapper elementor-labels-above\">\n\t\t\t\t\t\t\t\t<div class=\"elementor-field-type-text elementor-field-group elementor-column elementor-field-group-prenom elementor-col-100\">\n\t\t\t\t\t\t\t\t\t\t\t\t\t<input size=\"1\" type=\"text\" name=\"form_fields[prenom]\" id=\"form-field-prenom\" class=\"elementor-field elementor-size-md  elementor-field-textual\" placeholder=\"Pr\u00e9nom*\">\n\t\t\t\t\t\t\t\t\t\t\t<\/div>\n\t\t\t\t\t\t\t\t<div class=\"elementor-field-type-text elementor-field-group elementor-column elementor-field-group-nom elementor-col-100\">\n\t\t\t\t\t\t\t\t\t\t\t\t\t<input size=\"1\" type=\"text\" name=\"form_fields[nom]\" id=\"form-field-nom\" class=\"elementor-field elementor-size-md  elementor-field-textual\" placeholder=\"Nom*\">\n\t\t\t\t\t\t\t\t\t\t\t<\/div>\n\t\t\t\t\t\t\t\t<div class=\"elementor-field-type-text elementor-field-group elementor-column elementor-field-group-Ville elementor-col-100 elementor-field-required\">\n\t\t\t\t\t\t\t\t\t\t\t\t\t<input size=\"1\" type=\"text\" name=\"form_fields[Ville]\" id=\"form-field-Ville\" class=\"elementor-field elementor-size-md  elementor-field-textual\" placeholder=\"Ville de provenance*\" required=\"required\">\n\t\t\t\t\t\t\t\t\t\t\t<\/div>\n\t\t\t\t\t\t\t\t<div class=\"elementor-field-type-email elementor-field-group elementor-column elementor-field-group-email elementor-col-100 elementor-field-required\">\n\t\t\t\t\t\t\t\t\t\t\t\t\t<input size=\"1\" type=\"email\" name=\"form_fields[email]\" id=\"form-field-email\" class=\"elementor-field elementor-size-md  elementor-field-textual\" placeholder=\"E-mail*\" required=\"required\">\n\t\t\t\t\t\t\t\t\t\t\t<\/div>\n\t\t\t\t\t\t\t\t<div class=\"elementor-field-type-tel elementor-field-group elementor-column elementor-field-group-telephone elementor-col-100 elementor-field-required\">\n\t\t\t\t\t\t\t<input size=\"1\" type=\"tel\" name=\"form_fields[telephone]\" id=\"form-field-telephone\" class=\"elementor-field elementor-size-md  elementor-field-textual\" placeholder=\"T\u00e9l\u00e9phone**\" required=\"required\" pattern=\"[0-9()#&amp;+*-=.]+\" title=\"Only numbers and phone characters (#, -, *, etc) are accepted.\">\n\n\t\t\t\t\t\t<\/div>\n\t\t\t\t\t\t\t\t<div class=\"elementor-field-type-textarea elementor-field-group elementor-column elementor-field-group-message elementor-col-100 elementor-field-required\">\n\t\t\t\t\t<textarea class=\"elementor-field-textual elementor-field  elementor-size-md\" name=\"form_fields[message]\" id=\"form-field-message\" rows=\"4\" placeholder=\"Message*\" required=\"required\"><\/textarea>\t\t\t\t<\/div>\n\t\t\t\t\t\t\t\t<div class=\"elementor-field-type-acceptance elementor-field-group elementor-column elementor-field-group-field_d51312e elementor-col-100\">\n\t\t\t\t\t\t\t<div class=\"elementor-field-subgroup\">\n\t\t\t<span class=\"elementor-field-option\">\n\t\t\t\t<input type=\"checkbox\" name=\"form_fields[field_d51312e]\" id=\"form-field-field_d51312e\" class=\"elementor-field elementor-size-md  elementor-acceptance-field\">\n\t\t\t\t<label for=\"form-field-field_d51312e\">* J'autorise le camping Les Rives de Paris \u00e0 me contacter pour r\u00e9pondre \u00e0 ma demande.   \n                                              \n**Le consommateur qui ne souhaite pas faire l'objet de prospection commerciale par voie t\u00e9l\u00e9phonique peut gratuitement s'inscrire sur une liste d'opposition au d\u00e9marchage t\u00e9l\u00e9phonique<\/label>\t\t\t<\/span>\n\t\t<\/div>\n\t\t\t\t\t\t<\/div>\n\t\t\t\t\t\t\t\t<div class=\"elementor-field-type-recaptcha_v3 elementor-field-group elementor-column elementor-field-group-field_608890b elementor-col-100 recaptcha_v3-bottomright\">\n\t\t\t\t\t<div class=\"elementor-field\" id=\"form-field-field_608890b\"><div class=\"elementor-g-recaptcha\" data-sitekey=\"6LcBI1MsAAAAAC9l3MG7uWViRc70gdz4CuwLSw9y\" data-type=\"v3\" data-action=\"Form\" data-badge=\"bottomright\" data-size=\"invisible\"><\/div><\/div>\t\t\t\t<\/div>\n\t\t\t\t\t\t\t\t<div class=\"elementor-field-group elementor-column elementor-field-type-submit elementor-col-100 e-form__buttons\">\n\t\t\t\t\t<button class=\"elementor-button elementor-size-sm\" type=\"submit\">\n\t\t\t\t\t\t<span class=\"elementor-button-content-wrapper\">\n\t\t\t\t\t\t\t\t\t\t\t\t\t\t\t\t\t\t\t\t\t\t<span class=\"elementor-button-text\">Envoyer<\/span>\n\t\t\t\t\t\t\t\t\t\t\t\t\t<\/span>\n\t\t\t\t\t<\/button>\n\t\t\t\t<\/div>\n\t\t\t<\/div>\n\t\t<\/form>\n\t\t\t\t\t\t<\/div>\n\t\t\t\t<\/div>\n\t\t\t\t\t<\/div>\n\t\t<\/div>\n\t\t\t\t<div class=\"elementor-column elementor-col-33 elementor-top-column elementor-element elementor-element-a5ae6dd\" data-id=\"a5ae6dd\" data-element_type=\"column\" data-e-type=\"column\" data-settings=\"{&quot;background_background&quot;:&quot;classic&quot;}\">\n\t\t\t<div class=\"elementor-widget-wrap\">\n\t\t\t\t\t\t\t<\/div>\n\t\t<\/div>\n\t\t\t\t\t<\/div>\n\t\t<\/section>\n\t\t\t\t<section class=\"elementor-section elementor-top-section elementor-element elementor-element-a54d7bf elementor-section-boxed elementor-section-height-default elementor-section-height-default\" data-id=\"a54d7bf\" data-element_type=\"section\" data-e-type=\"section\" data-settings=\"{&quot;background_background&quot;:&quot;classic&quot;}\">\n\t\t\t\t\t\t<div class=\"elementor-container elementor-column-gap-default\">\n\t\t\t\t\t<div class=\"elementor-column elementor-col-50 elementor-top-column elementor-element elementor-element-fb58ba3\" data-id=\"fb58ba3\" data-element_type=\"column\" data-e-type=\"column\">\n\t\t\t<div class=\"elementor-widget-wrap elementor-element-populated\">\n\t\t\t\t\t\t<div class=\"elementor-element elementor-element-f123ce0 elementor-widget elementor-widget-heading\" data-id=\"f123ce0\" data-element_type=\"widget\" data-e-type=\"widget\" data-widget_type=\"heading.default\">\n\t\t\t\t<div class=\"elementor-widget-container\">\n\t\t\t\t\t<h2 class=\"elementor-heading-title elementor-size-default\"> Contact<\/h2>\t\t\t\t<\/div>\n\t\t\t\t<\/div>\n\t\t\t\t<div class=\"elementor-element elementor-element-0be864f elementor-widget elementor-widget-text-editor\" data-id=\"0be864f\" data-element_type=\"widget\" data-e-type=\"widget\" data-widget_type=\"text-editor.default\">\n\t\t\t\t<div class=\"elementor-widget-container\">\n\t\t\t\t\t\t\t\t\t<p>\ud83d\udccd Camping Les Rives de Paris Chemin de l\u2019\u00c9cluse<\/p><p>\u00a093 330 Neuilly-sur-Marne<\/p><p><strong>\u00a0\u260e\ufe0f<\/strong>\u00a0+33 1<span style=\"color: var( --e-global-color-text ); font-family: var( --e-global-typography-text-font-family ), Sans-serif; font-size: var( --e-global-typography-text-font-size ); font-weight: var( --e-global-typography-text-font-weight );\">\u00a043 08 21 21<\/span><\/p><p><strong>\ud83d\udce7<\/strong> <a href=\"mailto:camping.lesrivesdeparis@neuillysurmarne.fr\" target=\"_blank\" rel=\"noopener\">camping.lesrivesdeparis@<wbr \/>neuillysurmarne.fr<\/a><\/p>\t\t\t\t\t\t\t\t<\/div>\n\t\t\t\t<\/div>\n\t\t\t\t\t<\/div>\n\t\t<\/div>\n\t\t\t\t<div class=\"elementor-column elementor-col-50 elementor-top-column elementor-element elementor-element-f88fd2b\" data-id=\"f88fd2b\" data-element_type=\"column\" data-e-type=\"column\">\n\t\t\t<div class=\"elementor-widget-wrap elementor-element-populated\">\n\t\t\t\t\t\t<div class=\"elementor-element elementor-element-619bc67 elementor-widget elementor-widget-heading\" data-id=\"619bc67\" data-element_type=\"widget\" data-e-type=\"widget\" data-widget_type=\"heading.default\">\n\t\t\t\t<div class=\"elementor-widget-container\">\n\t\t\t\t\t<h2 class=\"elementor-heading-title elementor-size-default\">Horaires<\/h2>\t\t\t\t<\/div>\n\t\t\t\t<\/div>\n\t\t\t\t<div class=\"elementor-element elementor-element-adbc42d elementor-widget elementor-widget-n-accordion\" data-id=\"adbc42d\" data-element_type=\"widget\" data-e-type=\"widget\" data-settings=\"{&quot;default_state&quot;:&quot;all_collapsed&quot;,&quot;max_items_expended&quot;:&quot;one&quot;,&quot;n_accordion_animation_duration&quot;:{&quot;unit&quot;:&quot;ms&quot;,&quot;size&quot;:400,&quot;sizes&quot;:[]}}\" data-widget_type=\"nested-accordion.default\">\n\t\t\t\t<div class=\"elementor-widget-container\">\n\t\t\t\t\t\t\t<div class=\"e-n-accordion\" aria-label=\"Accordion. Open links with Enter or Space, close with Escape, and navigate with Arrow Keys\">\n\t\t\t\t\t\t<details id=\"e-n-accordion-item-1820\" class=\"e-n-accordion-item\" >\n\t\t\t\t<summary class=\"e-n-accordion-item-title\" data-accordion-index=\"1\" tabindex=\"0\" aria-expanded=\"false\" aria-controls=\"e-n-accordion-item-1820\" >\n\t\t\t\t\t<span class='e-n-accordion-item-title-header'><div class=\"e-n-accordion-item-title-text\"> Pour les emplacements nus (tente, caravane, van, camping car) <\/div><\/span>\n\t\t\t\t\t\t\t<span class='e-n-accordion-item-title-icon'>\n\t\t\t<span class='e-opened' ><svg aria-hidden=\"true\" class=\"e-font-icon-svg e-fas-minus\" viewBox=\"0 0 448 512\" xmlns=\"http:\/\/www.w3.org\/2000\/svg\"><path d=\"M416 208H32c-17.67 0-32 14.33-32 32v32c0 17.67 14.33 32 32 32h384c17.67 0 32-14.33 32-32v-32c0-17.67-14.33-32-32-32z\"><\/path><\/svg><\/span>\n\t\t\t<span class='e-closed'><svg aria-hidden=\"true\" class=\"e-font-icon-svg e-fas-plus\" viewBox=\"0 0 448 512\" xmlns=\"http:\/\/www.w3.org\/2000\/svg\"><path d=\"M416 208H272V64c0-17.67-14.33-32-32-32h-32c-17.67 0-32 14.33-32 32v144H32c-17.67 0-32 14.33-32 32v32c0 17.67 14.33 32 32 32h144v144c0 17.67 14.33 32 32 32h32c17.67 0 32-14.33 32-32V304h144c17.67 0 32-14.33 32-32v-32c0-17.67-14.33-32-32-32z\"><\/path><\/svg><\/span>\n\t\t<\/span>\n\n\t\t\t\t\t\t<\/summary>\n\t\t\t\t<div role=\"region\" aria-labelledby=\"e-n-accordion-item-1820\" class=\"elementor-element elementor-element-aee25ed e-con-full e-flex e-con e-child\" data-id=\"aee25ed\" data-element_type=\"container\" data-e-type=\"container\">\n\t\t\t\t<div class=\"elementor-element elementor-element-75e299e elementor-widget elementor-widget-text-editor\" data-id=\"75e299e\" data-element_type=\"widget\" data-e-type=\"widget\" data-widget_type=\"text-editor.default\">\n\t\t\t\t<div class=\"elementor-widget-container\">\n\t\t\t\t\t\t\t\t\t<ul><li>Arriv\u00e9e de mars \u00e0 juin : entre 14h et 18h<\/li><li>Arriv\u00e9e en juillet et ao\u00fbt : entre 14h et 19h<\/li><li>Arriv\u00e9e de septembre \u00e0 janvier : entre 14h et 18h<\/li><li>D\u00e9part avant 11h<\/li><\/ul>\t\t\t\t\t\t\t\t<\/div>\n\t\t\t\t<\/div>\n\t\t\t\t<\/div>\n\t\t\t\t\t<\/details>\n\t\t\t\t\t\t<details id=\"e-n-accordion-item-1821\" class=\"e-n-accordion-item\" >\n\t\t\t\t<summary class=\"e-n-accordion-item-title\" data-accordion-index=\"2\" tabindex=\"-1\" aria-expanded=\"false\" aria-controls=\"e-n-accordion-item-1821\" >\n\t\t\t\t\t<span class='e-n-accordion-item-title-header'><div class=\"e-n-accordion-item-title-text\"> Pour les locations (tiny houses) <\/div><\/span>\n\t\t\t\t\t\t\t<span class='e-n-accordion-item-title-icon'>\n\t\t\t<span class='e-opened' ><svg aria-hidden=\"true\" class=\"e-font-icon-svg e-fas-minus\" viewBox=\"0 0 448 512\" xmlns=\"http:\/\/www.w3.org\/2000\/svg\"><path d=\"M416 208H32c-17.67 0-32 14.33-32 32v32c0 17.67 14.33 32 32 32h384c17.67 0 32-14.33 32-32v-32c0-17.67-14.33-32-32-32z\"><\/path><\/svg><\/span>\n\t\t\t<span class='e-closed'><svg aria-hidden=\"true\" class=\"e-font-icon-svg e-fas-plus\" viewBox=\"0 0 448 512\" xmlns=\"http:\/\/www.w3.org\/2000\/svg\"><path d=\"M416 208H272V64c0-17.67-14.33-32-32-32h-32c-17.67 0-32 14.33-32 32v144H32c-17.67 0-32 14.33-32 32v32c0 17.67 14.33 32 32 32h144v144c0 17.67 14.33 32 32 32h32c17.67 0 32-14.33 32-32V304h144c17.67 0 32-14.33 32-32v-32c0-17.67-14.33-32-32-32z\"><\/path><\/svg><\/span>\n\t\t<\/span>\n\n\t\t\t\t\t\t<\/summary>\n\t\t\t\t<div role=\"region\" aria-labelledby=\"e-n-accordion-item-1821\" class=\"elementor-element elementor-element-2c8d1f4 e-con-full e-flex e-con e-child\" data-id=\"2c8d1f4\" data-element_type=\"container\" data-e-type=\"container\">\n\t\t\t\t<div class=\"elementor-element elementor-element-a4fc493 elementor-widget elementor-widget-text-editor\" data-id=\"a4fc493\" data-element_type=\"widget\" data-e-type=\"widget\" data-widget_type=\"text-editor.default\">\n\t\t\t\t<div class=\"elementor-widget-container\">\n\t\t\t\t\t\t\t\t\t<ul><li>Arriv\u00e9e de mars \u00e0 juin : entre 15h et 18h<\/li><li>Arriv\u00e9e en juillet et ao\u00fbt : entre 15h et 19h<\/li><li>Arriv\u00e9e de septembre \u00e0 janvier : entre 15h et 18h<\/li><li>D\u00e9part avant 10h<\/li><\/ul>\t\t\t\t\t\t\t\t<\/div>\n\t\t\t\t<\/div>\n\t\t\t\t<\/div>\n\t\t\t\t\t<\/details>\n\t\t\t\t\t<\/div>\n\t\t\t\t\t\t<\/div>\n\t\t\t\t<\/div>\n\t\t\t\t\t<\/div>\n\t\t<\/div>\n\t\t\t\t\t<\/div>\n\t\t<\/section>\n\t\t\t\t<\/div>\n\t\t","protected":false},"excerpt":{"rendered":"<p>Contact CONTACT Contact \ud83d\udccd Camping Les Rives de Paris Chemin de l\u2019\u00c9cluse \u00a093 330 Neuilly-sur-Marne \u00a0\u260e\ufe0f\u00a0+33 1\u00a043 08 21 21 \ud83d\udce7 camping.lesrivesdeparis@neuillysurmarne.fr Horaires Pour les emplacements nus (tente, caravane, van, camping car) Arriv\u00e9e de mars \u00e0 juin : entre 14h et 18h Arriv\u00e9e en juillet et ao\u00fbt : entre 14h et 19h Arriv\u00e9e de septembre [&hellip;]<\/p>\n","protected":false},"author":1,"featured_media":0,"parent":0,"menu_order":0,"comment_status":"closed","ping_status":"closed","template":"elementor_header_footer","meta":{"footnotes":""},"class_list":["post-10619","page","type-page","status-publish","hentry"],"yoast_head":"<!-- This site is optimized with the Yoast SEO plugin v27.4 - https:\/\/yoast.com\/product\/yoast-seo-wordpress\/ -->\n<title>Contact - Camping Les Rives de Paris<\/title>\n<meta name=\"robots\" content=\"index, follow, max-snippet:-1, max-image-preview:large, max-video-preview:-1\" \/>\n<link rel=\"canonical\" href=\"https:\/\/camping.lesrivesdeparis.fr\/en\/contact\/\" \/>\n<meta property=\"og:locale\" content=\"en_GB\" \/>\n<meta property=\"og:type\" content=\"article\" \/>\n<meta property=\"og:title\" content=\"Contact - Camping Les Rives de Paris\" \/>\n<meta property=\"og:description\" content=\"Contact CONTACT Contact \ud83d\udccd Camping Les Rives de Paris Chemin de l\u2019\u00c9cluse \u00a093 330 Neuilly-sur-Marne \u00a0\u260e\ufe0f\u00a0+33 1\u00a043 08 21 21 \ud83d\udce7 camping.lesrivesdeparis@neuillysurmarne.fr Horaires Pour les emplacements nus (tente, caravane, van, camping car) Arriv\u00e9e de mars \u00e0 juin : entre 14h et 18h Arriv\u00e9e en juillet et ao\u00fbt : entre 14h et 19h Arriv\u00e9e de septembre [&hellip;]\" \/>\n<meta property=\"og:url\" content=\"https:\/\/camping.lesrivesdeparis.fr\/en\/contact\/\" \/>\n<meta property=\"og:site_name\" content=\"Camping Les Rives de Paris\" \/>\n<meta property=\"article:publisher\" content=\"https:\/\/www.facebook.com\/ville.neuilly\" \/>\n<meta property=\"article:modified_time\" content=\"2026-01-22T18:56:56+00:00\" \/>\n<meta property=\"og:image\" content=\"https:\/\/camping.lesrivesdeparis.fr\/wp-content\/uploads\/2022\/06\/logo-camping-rives-paris-scaled.jpg\" \/>\n\t<meta property=\"og:image:width\" content=\"2329\" \/>\n\t<meta property=\"og:image:height\" content=\"2560\" \/>\n\t<meta property=\"og:image:type\" content=\"image\/jpeg\" \/>\n<meta name=\"twitter:card\" content=\"summary_large_image\" \/>\n<meta name=\"twitter:label1\" content=\"Estimated reading time\" \/>\n\t<meta name=\"twitter:data1\" content=\"1 minute\" \/>\n<script type=\"application\/ld+json\" class=\"yoast-schema-graph\">{\"@context\":\"https:\\\/\\\/schema.org\",\"@graph\":[{\"@type\":\"WebPage\",\"@id\":\"https:\\\/\\\/camping.lesrivesdeparis.fr\\\/contact\\\/\",\"url\":\"https:\\\/\\\/camping.lesrivesdeparis.fr\\\/contact\\\/\",\"name\":\"Contact - Camping Les Rives de Paris\",\"isPartOf\":{\"@id\":\"https:\\\/\\\/camping.lesrivesdeparis.fr\\\/#website\"},\"datePublished\":\"2023-01-30T15:20:09+00:00\",\"dateModified\":\"2026-01-22T18:56:56+00:00\",\"breadcrumb\":{\"@id\":\"https:\\\/\\\/camping.lesrivesdeparis.fr\\\/contact\\\/#breadcrumb\"},\"inLanguage\":\"en-GB\",\"potentialAction\":[{\"@type\":\"ReadAction\",\"target\":[\"https:\\\/\\\/camping.lesrivesdeparis.fr\\\/contact\\\/\"]}]},{\"@type\":\"BreadcrumbList\",\"@id\":\"https:\\\/\\\/camping.lesrivesdeparis.fr\\\/contact\\\/#breadcrumb\",\"itemListElement\":[{\"@type\":\"ListItem\",\"position\":1,\"name\":\"Accueil\",\"item\":\"https:\\\/\\\/camping.lesrivesdeparis.fr\\\/\"},{\"@type\":\"ListItem\",\"position\":2,\"name\":\"Contact\"}]},{\"@type\":\"WebSite\",\"@id\":\"https:\\\/\\\/camping.lesrivesdeparis.fr\\\/#website\",\"url\":\"https:\\\/\\\/camping.lesrivesdeparis.fr\\\/\",\"name\":\"Camping Les Rives de Paris\",\"description\":\"\",\"publisher\":{\"@id\":\"https:\\\/\\\/camping.lesrivesdeparis.fr\\\/#organization\"},\"potentialAction\":[{\"@type\":\"SearchAction\",\"target\":{\"@type\":\"EntryPoint\",\"urlTemplate\":\"https:\\\/\\\/camping.lesrivesdeparis.fr\\\/?s={search_term_string}\"},\"query-input\":{\"@type\":\"PropertyValueSpecification\",\"valueRequired\":true,\"valueName\":\"search_term_string\"}}],\"inLanguage\":\"en-GB\"},{\"@type\":\"Organization\",\"@id\":\"https:\\\/\\\/camping.lesrivesdeparis.fr\\\/#organization\",\"name\":\"Camping Les rives de Paris\",\"url\":\"https:\\\/\\\/camping.lesrivesdeparis.fr\\\/\",\"logo\":{\"@type\":\"ImageObject\",\"inLanguage\":\"en-GB\",\"@id\":\"https:\\\/\\\/camping.lesrivesdeparis.fr\\\/#\\\/schema\\\/logo\\\/image\\\/\",\"url\":\"https:\\\/\\\/camping.lesrivesdeparis.fr\\\/wp-content\\\/uploads\\\/2022\\\/06\\\/logo-camping-rives-paris-scaled.jpg\",\"contentUrl\":\"https:\\\/\\\/camping.lesrivesdeparis.fr\\\/wp-content\\\/uploads\\\/2022\\\/06\\\/logo-camping-rives-paris-scaled.jpg\",\"width\":2329,\"height\":2560,\"caption\":\"Camping Les rives de Paris\"},\"image\":{\"@id\":\"https:\\\/\\\/camping.lesrivesdeparis.fr\\\/#\\\/schema\\\/logo\\\/image\\\/\"},\"sameAs\":[\"https:\\\/\\\/www.facebook.com\\\/ville.neuilly\",\"https:\\\/\\\/www.instagram.com\\\/neuilly_marne\\\/\",\"https:\\\/\\\/www.linkedin.com\\\/company\\\/ville-de-neuilly-sur-marne\\\/\"]}]}<\/script>\n<!-- \/ Yoast SEO plugin. -->","yoast_head_json":{"title":"Contact - Camping Les Rives de Paris","robots":{"index":"index","follow":"follow","max-snippet":"max-snippet:-1","max-image-preview":"max-image-preview:large","max-video-preview":"max-video-preview:-1"},"canonical":"https:\/\/camping.lesrivesdeparis.fr\/en\/contact\/","og_locale":"en_GB","og_type":"article","og_title":"Contact - Camping Les Rives de Paris","og_description":"Contact CONTACT Contact \ud83d\udccd Camping Les Rives de Paris Chemin de l\u2019\u00c9cluse \u00a093 330 Neuilly-sur-Marne \u00a0\u260e\ufe0f\u00a0+33 1\u00a043 08 21 21 \ud83d\udce7 camping.lesrivesdeparis@neuillysurmarne.fr Horaires Pour les emplacements nus (tente, caravane, van, camping car) Arriv\u00e9e de mars \u00e0 juin : entre 14h et 18h Arriv\u00e9e en juillet et ao\u00fbt : entre 14h et 19h Arriv\u00e9e de septembre [&hellip;]","og_url":"https:\/\/camping.lesrivesdeparis.fr\/en\/contact\/","og_site_name":"Camping Les Rives de Paris","article_publisher":"https:\/\/www.facebook.com\/ville.neuilly","article_modified_time":"2026-01-22T18:56:56+00:00","og_image":[{"width":2329,"height":2560,"url":"https:\/\/camping.lesrivesdeparis.fr\/wp-content\/uploads\/2022\/06\/logo-camping-rives-paris-scaled.jpg","type":"image\/jpeg"}],"twitter_card":"summary_large_image","twitter_misc":{"Estimated reading time":"1 minute"},"schema":{"@context":"https:\/\/schema.org","@graph":[{"@type":"WebPage","@id":"https:\/\/camping.lesrivesdeparis.fr\/contact\/","url":"https:\/\/camping.lesrivesdeparis.fr\/contact\/","name":"Contact - Camping Les Rives de Paris","isPartOf":{"@id":"https:\/\/camping.lesrivesdeparis.fr\/#website"},"datePublished":"2023-01-30T15:20:09+00:00","dateModified":"2026-01-22T18:56:56+00:00","breadcrumb":{"@id":"https:\/\/camping.lesrivesdeparis.fr\/contact\/#breadcrumb"},"inLanguage":"en-GB","potentialAction":[{"@type":"ReadAction","target":["https:\/\/camping.lesrivesdeparis.fr\/contact\/"]}]},{"@type":"BreadcrumbList","@id":"https:\/\/camping.lesrivesdeparis.fr\/contact\/#breadcrumb","itemListElement":[{"@type":"ListItem","position":1,"name":"Accueil","item":"https:\/\/camping.lesrivesdeparis.fr\/"},{"@type":"ListItem","position":2,"name":"Contact"}]},{"@type":"WebSite","@id":"https:\/\/camping.lesrivesdeparis.fr\/#website","url":"https:\/\/camping.lesrivesdeparis.fr\/","name":"Campsite Les Rives de Paris","description":"","publisher":{"@id":"https:\/\/camping.lesrivesdeparis.fr\/#organization"},"potentialAction":[{"@type":"SearchAction","target":{"@type":"EntryPoint","urlTemplate":"https:\/\/camping.lesrivesdeparis.fr\/?s={search_term_string}"},"query-input":{"@type":"PropertyValueSpecification","valueRequired":true,"valueName":"search_term_string"}}],"inLanguage":"en-GB"},{"@type":"Organization","@id":"https:\/\/camping.lesrivesdeparis.fr\/#organization","name":"Campsite Les rives de Paris","url":"https:\/\/camping.lesrivesdeparis.fr\/","logo":{"@type":"ImageObject","inLanguage":"en-GB","@id":"https:\/\/camping.lesrivesdeparis.fr\/#\/schema\/logo\/image\/","url":"https:\/\/camping.lesrivesdeparis.fr\/wp-content\/uploads\/2022\/06\/logo-camping-rives-paris-scaled.jpg","contentUrl":"https:\/\/camping.lesrivesdeparis.fr\/wp-content\/uploads\/2022\/06\/logo-camping-rives-paris-scaled.jpg","width":2329,"height":2560,"caption":"Camping Les rives de Paris"},"image":{"@id":"https:\/\/camping.lesrivesdeparis.fr\/#\/schema\/logo\/image\/"},"sameAs":["https:\/\/www.facebook.com\/ville.neuilly","https:\/\/www.instagram.com\/neuilly_marne\/","https:\/\/www.linkedin.com\/company\/ville-de-neuilly-sur-marne\/"]}]}},"_links":{"self":[{"href":"https:\/\/camping.lesrivesdeparis.fr\/en\/wp-json\/wp\/v2\/pages\/10619","targetHints":{"allow":["GET"]}}],"collection":[{"href":"https:\/\/camping.lesrivesdeparis.fr\/en\/wp-json\/wp\/v2\/pages"}],"about":[{"href":"https:\/\/camping.lesrivesdeparis.fr\/en\/wp-json\/wp\/v2\/types\/page"}],"author":[{"embeddable":true,"href":"https:\/\/camping.lesrivesdeparis.fr\/en\/wp-json\/wp\/v2\/users\/1"}],"replies":[{"embeddable":true,"href":"https:\/\/camping.lesrivesdeparis.fr\/en\/wp-json\/wp\/v2\/comments?post=10619"}],"version-history":[{"count":54,"href":"https:\/\/camping.lesrivesdeparis.fr\/en\/wp-json\/wp\/v2\/pages\/10619\/revisions"}],"predecessor-version":[{"id":11525,"href":"https:\/\/camping.lesrivesdeparis.fr\/en\/wp-json\/wp\/v2\/pages\/10619\/revisions\/11525"}],"wp:attachment":[{"href":"https:\/\/camping.lesrivesdeparis.fr\/en\/wp-json\/wp\/v2\/media?parent=10619"}],"curies":[{"name":"wp","href":"https:\/\/api.w.org\/{rel}","templated":true}]}}