{"id":8049,"date":"2022-04-26T16:15:38","date_gmt":"2022-04-26T14:15:38","guid":{"rendered":"https:\/\/camping.lesrivesdeparis.fr\/?page_id=8049"},"modified":"2022-07-05T15:37:39","modified_gmt":"2022-07-05T13:37:39","slug":"paris","status":"publish","type":"page","link":"https:\/\/camping.lesrivesdeparis.fr\/en\/paris\/","title":{"rendered":"Paris"},"content":{"rendered":"<div data-elementor-type=\"wp-page\" data-elementor-id=\"8049\" class=\"elementor elementor-8049\" data-elementor-post-type=\"page\">\n\t\t\t\t\t\t<section class=\"elementor-section elementor-top-section elementor-element elementor-element-f6fe432 elementor-section-boxed elementor-section-height-default elementor-section-height-default\" data-id=\"f6fe432\" data-element_type=\"section\" data-e-type=\"section\">\n\t\t\t\t\t\t<div class=\"elementor-container elementor-column-gap-default\">\n\t\t\t\t\t<div class=\"elementor-column elementor-col-33 elementor-top-column elementor-element elementor-element-cf27f13\" data-id=\"cf27f13\" data-element_type=\"column\" data-e-type=\"column\">\n\t\t\t<div class=\"elementor-widget-wrap elementor-element-populated\">\n\t\t\t\t\t\t<div class=\"elementor-element elementor-element-ad978f2 elementor-widget elementor-widget-image\" data-id=\"ad978f2\" data-element_type=\"widget\" data-e-type=\"widget\" data-widget_type=\"image.default\">\n\t\t\t\t<div class=\"elementor-widget-container\">\n\t\t\t\t\t\t\t\t\t\t\t\t\t\t\t<img fetchpriority=\"high\" decoding=\"async\" width=\"800\" height=\"534\" src=\"https:\/\/camping.lesrivesdeparis.fr\/wp-content\/uploads\/2022\/05\/Tour-Eiffel-1024x683.jpeg\" class=\"attachment-large size-large wp-image-8483\" alt=\"\" srcset=\"https:\/\/camping.lesrivesdeparis.fr\/wp-content\/uploads\/2022\/05\/Tour-Eiffel-1024x683.jpeg 1024w, https:\/\/camping.lesrivesdeparis.fr\/wp-content\/uploads\/2022\/05\/Tour-Eiffel-300x200.jpeg 300w, https:\/\/camping.lesrivesdeparis.fr\/wp-content\/uploads\/2022\/05\/Tour-Eiffel-768x512.jpeg 768w, https:\/\/camping.lesrivesdeparis.fr\/wp-content\/uploads\/2022\/05\/Tour-Eiffel-1536x1024.jpeg 1536w, https:\/\/camping.lesrivesdeparis.fr\/wp-content\/uploads\/2022\/05\/Tour-Eiffel-2048x1365.jpeg 2048w\" sizes=\"(max-width: 800px) 100vw, 800px\" \/>\t\t\t\t\t\t\t\t\t\t\t\t\t\t\t<\/div>\n\t\t\t\t<\/div>\n\t\t\t\t<div class=\"elementor-element elementor-element-0258ec7 elementor-widget elementor-widget-heading\" data-id=\"0258ec7\" data-element_type=\"widget\" data-e-type=\"widget\" data-widget_type=\"heading.default\">\n\t\t\t\t<div class=\"elementor-widget-container\">\n\t\t\t\t\t<h2 class=\"elementor-heading-title elementor-size-default\">EIFFEL TOWER<\/h2>\t\t\t\t<\/div>\n\t\t\t\t<\/div>\n\t\t\t\t<div class=\"elementor-element elementor-element-f5bb1ea elementor-widget elementor-widget-text-editor\" data-id=\"f5bb1ea\" data-element_type=\"widget\" data-e-type=\"widget\" data-widget_type=\"text-editor.default\">\n\t\t\t\t<div class=\"elementor-widget-container\">\n\t\t\t\t\t\t\t\t\t<p><span style=\"font-weight: 400;\">The Rives de Paris campsite is ideally located for visiting Paris. Discover one of the most visited monuments in the world, the symbol of France, and enjoy a 360\u00b0 view of the whole capital.<\/span><\/p>\t\t\t\t\t\t\t\t<\/div>\n\t\t\t\t<\/div>\n\t\t\t\t\t<\/div>\n\t\t<\/div>\n\t\t\t\t<div class=\"elementor-column elementor-col-33 elementor-top-column elementor-element elementor-element-9fc07bc\" data-id=\"9fc07bc\" data-element_type=\"column\" data-e-type=\"column\">\n\t\t\t<div class=\"elementor-widget-wrap elementor-element-populated\">\n\t\t\t\t\t\t<div class=\"elementor-element elementor-element-ccaf8a7 elementor-widget elementor-widget-image\" data-id=\"ccaf8a7\" data-element_type=\"widget\" data-e-type=\"widget\" data-widget_type=\"image.default\">\n\t\t\t\t<div class=\"elementor-widget-container\">\n\t\t\t\t\t\t\t\t\t\t\t\t\t\t\t<img decoding=\"async\" width=\"800\" height=\"534\" src=\"https:\/\/camping.lesrivesdeparis.fr\/wp-content\/uploads\/2022\/05\/Louvre-1024x683.jpeg\" class=\"attachment-large size-large wp-image-8482\" alt=\"\" srcset=\"https:\/\/camping.lesrivesdeparis.fr\/wp-content\/uploads\/2022\/05\/Louvre-1024x683.jpeg 1024w, https:\/\/camping.lesrivesdeparis.fr\/wp-content\/uploads\/2022\/05\/Louvre-300x200.jpeg 300w, https:\/\/camping.lesrivesdeparis.fr\/wp-content\/uploads\/2022\/05\/Louvre-768x512.jpeg 768w, https:\/\/camping.lesrivesdeparis.fr\/wp-content\/uploads\/2022\/05\/Louvre-1536x1024.jpeg 1536w, https:\/\/camping.lesrivesdeparis.fr\/wp-content\/uploads\/2022\/05\/Louvre-2048x1365.jpeg 2048w\" sizes=\"(max-width: 800px) 100vw, 800px\" \/>\t\t\t\t\t\t\t\t\t\t\t\t\t\t\t<\/div>\n\t\t\t\t<\/div>\n\t\t\t\t<div class=\"elementor-element elementor-element-3d09070 elementor-widget elementor-widget-heading\" data-id=\"3d09070\" data-element_type=\"widget\" data-e-type=\"widget\" data-widget_type=\"heading.default\">\n\t\t\t\t<div class=\"elementor-widget-container\">\n\t\t\t\t\t<h2 class=\"elementor-heading-title elementor-size-default\">LOUVRE MUSEUM<\/h2>\t\t\t\t<\/div>\n\t\t\t\t<\/div>\n\t\t\t\t<div class=\"elementor-element elementor-element-416fe07 elementor-widget elementor-widget-text-editor\" data-id=\"416fe07\" data-element_type=\"widget\" data-e-type=\"widget\" data-widget_type=\"text-editor.default\">\n\t\t\t\t<div class=\"elementor-widget-container\">\n\t\t\t\t\t\t\t\t\t<p><span style=\"font-weight: 400;\">Take the RER A train to the Louvre Museum in 20 minutes. Discover the Mona Lisa, the Pharaohs and the Carrousel gardens!<\/span><\/p>\t\t\t\t\t\t\t\t<\/div>\n\t\t\t\t<\/div>\n\t\t\t\t\t<\/div>\n\t\t<\/div>\n\t\t\t\t<div class=\"elementor-column elementor-col-33 elementor-top-column elementor-element elementor-element-a8a3d25\" data-id=\"a8a3d25\" data-element_type=\"column\" data-e-type=\"column\">\n\t\t\t<div class=\"elementor-widget-wrap elementor-element-populated\">\n\t\t\t\t\t\t<div class=\"elementor-element elementor-element-748ef74 elementor-widget elementor-widget-image\" data-id=\"748ef74\" data-element_type=\"widget\" data-e-type=\"widget\" data-widget_type=\"image.default\">\n\t\t\t\t<div class=\"elementor-widget-container\">\n\t\t\t\t\t\t\t\t\t\t\t\t\t\t\t<img decoding=\"async\" width=\"800\" height=\"531\" src=\"https:\/\/camping.lesrivesdeparis.fr\/wp-content\/uploads\/2022\/05\/Arc-de-Triomphe-1024x680.jpeg\" class=\"attachment-large size-large wp-image-8481\" alt=\"\" srcset=\"https:\/\/camping.lesrivesdeparis.fr\/wp-content\/uploads\/2022\/05\/Arc-de-Triomphe-1024x680.jpeg 1024w, https:\/\/camping.lesrivesdeparis.fr\/wp-content\/uploads\/2022\/05\/Arc-de-Triomphe-300x199.jpeg 300w, https:\/\/camping.lesrivesdeparis.fr\/wp-content\/uploads\/2022\/05\/Arc-de-Triomphe-768x510.jpeg 768w, https:\/\/camping.lesrivesdeparis.fr\/wp-content\/uploads\/2022\/05\/Arc-de-Triomphe-1536x1020.jpeg 1536w, https:\/\/camping.lesrivesdeparis.fr\/wp-content\/uploads\/2022\/05\/Arc-de-Triomphe-2048x1360.jpeg 2048w\" sizes=\"(max-width: 800px) 100vw, 800px\" \/>\t\t\t\t\t\t\t\t\t\t\t\t\t\t\t<\/div>\n\t\t\t\t<\/div>\n\t\t\t\t<div class=\"elementor-element elementor-element-ac6663d elementor-widget elementor-widget-heading\" data-id=\"ac6663d\" data-element_type=\"widget\" data-e-type=\"widget\" data-widget_type=\"heading.default\">\n\t\t\t\t<div class=\"elementor-widget-container\">\n\t\t\t\t\t<h2 class=\"elementor-heading-title elementor-size-default\">ARC DE TRIOMPHE<\/h2>\t\t\t\t<\/div>\n\t\t\t\t<\/div>\n\t\t\t\t<div class=\"elementor-element elementor-element-bf9d522 elementor-widget elementor-widget-text-editor\" data-id=\"bf9d522\" data-element_type=\"widget\" data-e-type=\"widget\" data-widget_type=\"text-editor.default\">\n\t\t\t\t<div class=\"elementor-widget-container\">\n\t\t\t\t\t\t\t\t\t<p><span style=\"font-weight: 400;\">Stroll along the Champs-Elys\u00e9es and climb to the top of the Arc de Triomphe to admire the most beautiful avenue in the world.<\/span><\/p>\t\t\t\t\t\t\t\t<\/div>\n\t\t\t\t<\/div>\n\t\t\t\t\t<\/div>\n\t\t<\/div>\n\t\t\t\t\t<\/div>\n\t\t<\/section>\n\t\t\t\t<section class=\"elementor-section elementor-top-section elementor-element elementor-element-e8810c6 elementor-section-boxed elementor-section-height-default elementor-section-height-default\" data-id=\"e8810c6\" data-element_type=\"section\" data-e-type=\"section\">\n\t\t\t\t\t\t<div class=\"elementor-container elementor-column-gap-default\">\n\t\t\t\t\t<div class=\"elementor-column elementor-col-100 elementor-top-column elementor-element elementor-element-f2f9e87\" data-id=\"f2f9e87\" data-element_type=\"column\" data-e-type=\"column\">\n\t\t\t<div class=\"elementor-widget-wrap elementor-element-populated\">\n\t\t\t\t\t\t<div class=\"elementor-element elementor-element-1f0ca4c elementor-widget elementor-widget-text-editor\" data-id=\"1f0ca4c\" data-element_type=\"widget\" data-e-type=\"widget\" data-widget_type=\"text-editor.default\">\n\t\t\t\t<div class=\"elementor-widget-container\">\n\t\t\t\t\t\t\t\t\t<p style=\"text-align: center;\"><span style=\"font-weight: 400;\">To find out more, visit the Paris Tourist Office website: <\/span><span style=\"text-decoration: underline;\"><strong><a href=\"https:\/\/www.parisinfo.com\/\">Paris Tourist Office - Official website (parisinfo.com)<\/a><\/strong><\/span><\/p>\t\t\t\t\t\t\t\t<\/div>\n\t\t\t\t<\/div>\n\t\t\t\t<div class=\"elementor-element elementor-element-865335f elementor-align-center elementor-tablet-align-center elementor-mobile-align-center elementor-widget elementor-widget-button\" data-id=\"865335f\" data-element_type=\"widget\" data-e-type=\"widget\" data-widget_type=\"button.default\">\n\t\t\t\t<div class=\"elementor-widget-container\">\n\t\t\t\t\t\t\t\t\t<div class=\"elementor-button-wrapper\">\n\t\t\t\t\t<a class=\"elementor-button elementor-button-link elementor-size-sm elementor-animation-float\" href=\"https:\/\/camping.lesrivesdeparis.fr\/en\/a-proximite-du-camping\/\">\n\t\t\t\t\t\t<span class=\"elementor-button-content-wrapper\">\n\t\t\t\t\t\t\t\t\t<span class=\"elementor-button-text\">Near the campsite  <\/span>\n\t\t\t\t\t<\/span>\n\t\t\t\t\t<\/a>\n\t\t\t\t<\/div>\n\t\t\t\t\t\t\t\t<\/div>\n\t\t\t\t<\/div>\n\t\t\t\t\t<\/div>\n\t\t<\/div>\n\t\t\t\t\t<\/div>\n\t\t<\/section>\n\t\t\t\t<\/div>","protected":false},"excerpt":{"rendered":"<p>TOUR EIFFEL Le camping des Rives de Paris dispose d\u2019une localisation id\u00e9ale pour visiter Paris. D\u00e9couvrez l\u2019un des monuments les plus visit\u00e9s au monde, le symbole de la France, et profitez d\u2019une vue \u00e0 360\u00b0 sur toute la capitale. MUS\u00c9E DU LOUVRE Gr\u00e2ce au RER A, acc\u00e9dez en 20 minutes au mus\u00e9e du Louvre. Partez [&hellip;]<\/p>\n","protected":false},"author":1,"featured_media":8652,"parent":0,"menu_order":0,"comment_status":"closed","ping_status":"closed","template":"","meta":{"footnotes":""},"class_list":["post-8049","page","type-page","status-publish","has-post-thumbnail","hentry"],"yoast_head":"<!-- This site is optimized with the Yoast SEO plugin v27.4 - https:\/\/yoast.com\/product\/yoast-seo-wordpress\/ -->\n<title>Camping proche de Paris - Camping Les Rives de Paris<\/title>\n<meta name=\"description\" content=\"Camping proche de Paris, le camping des Rives de Paris dispose d\u2019une localisation id\u00e9ale pour visiter Paris et ses environs.\" \/>\n<meta name=\"robots\" content=\"index, follow, max-snippet:-1, max-image-preview:large, max-video-preview:-1\" \/>\n<link rel=\"canonical\" href=\"https:\/\/camping.lesrivesdeparis.fr\/en\/paris\/\" \/>\n<meta property=\"og:locale\" content=\"en_GB\" \/>\n<meta property=\"og:type\" content=\"article\" \/>\n<meta property=\"og:title\" content=\"Camping proche de Paris - Camping Les Rives de Paris\" \/>\n<meta property=\"og:description\" content=\"Camping proche de Paris, le camping des Rives de Paris dispose d\u2019une localisation id\u00e9ale pour visiter Paris et ses environs.\" \/>\n<meta property=\"og:url\" content=\"https:\/\/camping.lesrivesdeparis.fr\/en\/paris\/\" \/>\n<meta property=\"og:site_name\" content=\"Camping Les Rives de Paris\" \/>\n<meta property=\"article:publisher\" content=\"https:\/\/www.facebook.com\/ville.neuilly\" \/>\n<meta property=\"article:modified_time\" content=\"2022-07-05T13:37:39+00:00\" \/>\n<meta property=\"og:image\" content=\"https:\/\/camping.lesrivesdeparis.fr\/wp-content\/uploads\/2022\/05\/Tour-Eiffel-scaled-e1653299673280.jpg\" \/>\n\t<meta property=\"og:image:width\" content=\"800\" \/>\n\t<meta property=\"og:image:height\" content=\"533\" \/>\n\t<meta property=\"og:image:type\" content=\"image\/jpeg\" \/>\n<meta name=\"twitter:card\" content=\"summary_large_image\" \/>\n<meta name=\"twitter:label1\" content=\"Estimated reading time\" \/>\n\t<meta name=\"twitter:data1\" content=\"2 minutes\" \/>\n<script type=\"application\/ld+json\" class=\"yoast-schema-graph\">{\"@context\":\"https:\\\/\\\/schema.org\",\"@graph\":[{\"@type\":\"WebPage\",\"@id\":\"https:\\\/\\\/camping.lesrivesdeparis.fr\\\/ru\\\/paris\\\/\",\"url\":\"https:\\\/\\\/camping.lesrivesdeparis.fr\\\/ru\\\/paris\\\/\",\"name\":\"Camping proche de Paris - Camping Les Rives de Paris\",\"isPartOf\":{\"@id\":\"https:\\\/\\\/camping.lesrivesdeparis.fr\\\/#website\"},\"primaryImageOfPage\":{\"@id\":\"https:\\\/\\\/camping.lesrivesdeparis.fr\\\/ru\\\/paris\\\/#primaryimage\"},\"image\":{\"@id\":\"https:\\\/\\\/camping.lesrivesdeparis.fr\\\/ru\\\/paris\\\/#primaryimage\"},\"thumbnailUrl\":\"https:\\\/\\\/camping.lesrivesdeparis.fr\\\/wp-content\\\/uploads\\\/2022\\\/05\\\/Tour-Eiffel-scaled-e1653299673280.jpg\",\"datePublished\":\"2022-04-26T14:15:38+00:00\",\"dateModified\":\"2022-07-05T13:37:39+00:00\",\"description\":\"Camping proche de Paris, le camping des Rives de Paris dispose d\u2019une localisation id\u00e9ale pour visiter Paris et ses environs.\",\"breadcrumb\":{\"@id\":\"https:\\\/\\\/camping.lesrivesdeparis.fr\\\/ru\\\/paris\\\/#breadcrumb\"},\"inLanguage\":\"en-GB\",\"potentialAction\":[{\"@type\":\"ReadAction\",\"target\":[\"https:\\\/\\\/camping.lesrivesdeparis.fr\\\/ru\\\/paris\\\/\"]}]},{\"@type\":\"ImageObject\",\"inLanguage\":\"en-GB\",\"@id\":\"https:\\\/\\\/camping.lesrivesdeparis.fr\\\/ru\\\/paris\\\/#primaryimage\",\"url\":\"https:\\\/\\\/camping.lesrivesdeparis.fr\\\/wp-content\\\/uploads\\\/2022\\\/05\\\/Tour-Eiffel-scaled-e1653299673280.jpg\",\"contentUrl\":\"https:\\\/\\\/camping.lesrivesdeparis.fr\\\/wp-content\\\/uploads\\\/2022\\\/05\\\/Tour-Eiffel-scaled-e1653299673280.jpg\",\"width\":800,\"height\":533},{\"@type\":\"BreadcrumbList\",\"@id\":\"https:\\\/\\\/camping.lesrivesdeparis.fr\\\/ru\\\/paris\\\/#breadcrumb\",\"itemListElement\":[{\"@type\":\"ListItem\",\"position\":1,\"name\":\"Accueil\",\"item\":\"https:\\\/\\\/camping.lesrivesdeparis.fr\\\/\"},{\"@type\":\"ListItem\",\"position\":2,\"name\":\"Paris\"}]},{\"@type\":\"WebSite\",\"@id\":\"https:\\\/\\\/camping.lesrivesdeparis.fr\\\/#website\",\"url\":\"https:\\\/\\\/camping.lesrivesdeparis.fr\\\/\",\"name\":\"Camping Les Rives de Paris\",\"description\":\"\",\"publisher\":{\"@id\":\"https:\\\/\\\/camping.lesrivesdeparis.fr\\\/#organization\"},\"potentialAction\":[{\"@type\":\"SearchAction\",\"target\":{\"@type\":\"EntryPoint\",\"urlTemplate\":\"https:\\\/\\\/camping.lesrivesdeparis.fr\\\/?s={search_term_string}\"},\"query-input\":{\"@type\":\"PropertyValueSpecification\",\"valueRequired\":true,\"valueName\":\"search_term_string\"}}],\"inLanguage\":\"en-GB\"},{\"@type\":\"Organization\",\"@id\":\"https:\\\/\\\/camping.lesrivesdeparis.fr\\\/#organization\",\"name\":\"Camping Les rives de Paris\",\"url\":\"https:\\\/\\\/camping.lesrivesdeparis.fr\\\/\",\"logo\":{\"@type\":\"ImageObject\",\"inLanguage\":\"en-GB\",\"@id\":\"https:\\\/\\\/camping.lesrivesdeparis.fr\\\/#\\\/schema\\\/logo\\\/image\\\/\",\"url\":\"https:\\\/\\\/camping.lesrivesdeparis.fr\\\/wp-content\\\/uploads\\\/2022\\\/06\\\/logo-camping-rives-paris-scaled.jpg\",\"contentUrl\":\"https:\\\/\\\/camping.lesrivesdeparis.fr\\\/wp-content\\\/uploads\\\/2022\\\/06\\\/logo-camping-rives-paris-scaled.jpg\",\"width\":2329,\"height\":2560,\"caption\":\"Camping Les rives de Paris\"},\"image\":{\"@id\":\"https:\\\/\\\/camping.lesrivesdeparis.fr\\\/#\\\/schema\\\/logo\\\/image\\\/\"},\"sameAs\":[\"https:\\\/\\\/www.facebook.com\\\/ville.neuilly\",\"https:\\\/\\\/www.instagram.com\\\/neuilly_marne\\\/\",\"https:\\\/\\\/www.linkedin.com\\\/company\\\/ville-de-neuilly-sur-marne\\\/\"]}]}<\/script>\n<!-- \/ Yoast SEO plugin. -->","yoast_head_json":{"title":"Campsite near Paris - Camping Les Rives de Paris","description":"Camping des Rives de Paris is close to Paris and is ideally located for visiting Paris and the surrounding area.","robots":{"index":"index","follow":"follow","max-snippet":"max-snippet:-1","max-image-preview":"max-image-preview:large","max-video-preview":"max-video-preview:-1"},"canonical":"https:\/\/camping.lesrivesdeparis.fr\/en\/paris\/","og_locale":"en_GB","og_type":"article","og_title":"Camping proche de Paris - Camping Les Rives de Paris","og_description":"Camping proche de Paris, le camping des Rives de Paris dispose d\u2019une localisation id\u00e9ale pour visiter Paris et ses environs.","og_url":"https:\/\/camping.lesrivesdeparis.fr\/en\/paris\/","og_site_name":"Camping Les Rives de Paris","article_publisher":"https:\/\/www.facebook.com\/ville.neuilly","article_modified_time":"2022-07-05T13:37:39+00:00","og_image":[{"width":800,"height":533,"url":"https:\/\/camping.lesrivesdeparis.fr\/wp-content\/uploads\/2022\/05\/Tour-Eiffel-scaled-e1653299673280.jpg","type":"image\/jpeg"}],"twitter_card":"summary_large_image","twitter_misc":{"Estimated reading time":"2 minutes"},"schema":{"@context":"https:\/\/schema.org","@graph":[{"@type":"WebPage","@id":"https:\/\/camping.lesrivesdeparis.fr\/ru\/paris\/","url":"https:\/\/camping.lesrivesdeparis.fr\/ru\/paris\/","name":"Campsite near Paris - Camping Les Rives de Paris","isPartOf":{"@id":"https:\/\/camping.lesrivesdeparis.fr\/#website"},"primaryImageOfPage":{"@id":"https:\/\/camping.lesrivesdeparis.fr\/ru\/paris\/#primaryimage"},"image":{"@id":"https:\/\/camping.lesrivesdeparis.fr\/ru\/paris\/#primaryimage"},"thumbnailUrl":"https:\/\/camping.lesrivesdeparis.fr\/wp-content\/uploads\/2022\/05\/Tour-Eiffel-scaled-e1653299673280.jpg","datePublished":"2022-04-26T14:15:38+00:00","dateModified":"2022-07-05T13:37:39+00:00","description":"Camping des Rives de Paris is close to Paris and is ideally located for visiting Paris and the surrounding area.","breadcrumb":{"@id":"https:\/\/camping.lesrivesdeparis.fr\/ru\/paris\/#breadcrumb"},"inLanguage":"en-GB","potentialAction":[{"@type":"ReadAction","target":["https:\/\/camping.lesrivesdeparis.fr\/ru\/paris\/"]}]},{"@type":"ImageObject","inLanguage":"en-GB","@id":"https:\/\/camping.lesrivesdeparis.fr\/ru\/paris\/#primaryimage","url":"https:\/\/camping.lesrivesdeparis.fr\/wp-content\/uploads\/2022\/05\/Tour-Eiffel-scaled-e1653299673280.jpg","contentUrl":"https:\/\/camping.lesrivesdeparis.fr\/wp-content\/uploads\/2022\/05\/Tour-Eiffel-scaled-e1653299673280.jpg","width":800,"height":533},{"@type":"BreadcrumbList","@id":"https:\/\/camping.lesrivesdeparis.fr\/ru\/paris\/#breadcrumb","itemListElement":[{"@type":"ListItem","position":1,"name":"Accueil","item":"https:\/\/camping.lesrivesdeparis.fr\/"},{"@type":"ListItem","position":2,"name":"Paris"}]},{"@type":"WebSite","@id":"https:\/\/camping.lesrivesdeparis.fr\/#website","url":"https:\/\/camping.lesrivesdeparis.fr\/","name":"Campsite Les Rives de Paris","description":"","publisher":{"@id":"https:\/\/camping.lesrivesdeparis.fr\/#organization"},"potentialAction":[{"@type":"SearchAction","target":{"@type":"EntryPoint","urlTemplate":"https:\/\/camping.lesrivesdeparis.fr\/?s={search_term_string}"},"query-input":{"@type":"PropertyValueSpecification","valueRequired":true,"valueName":"search_term_string"}}],"inLanguage":"en-GB"},{"@type":"Organization","@id":"https:\/\/camping.lesrivesdeparis.fr\/#organization","name":"Campsite Les rives de Paris","url":"https:\/\/camping.lesrivesdeparis.fr\/","logo":{"@type":"ImageObject","inLanguage":"en-GB","@id":"https:\/\/camping.lesrivesdeparis.fr\/#\/schema\/logo\/image\/","url":"https:\/\/camping.lesrivesdeparis.fr\/wp-content\/uploads\/2022\/06\/logo-camping-rives-paris-scaled.jpg","contentUrl":"https:\/\/camping.lesrivesdeparis.fr\/wp-content\/uploads\/2022\/06\/logo-camping-rives-paris-scaled.jpg","width":2329,"height":2560,"caption":"Camping Les rives de Paris"},"image":{"@id":"https:\/\/camping.lesrivesdeparis.fr\/#\/schema\/logo\/image\/"},"sameAs":["https:\/\/www.facebook.com\/ville.neuilly","https:\/\/www.instagram.com\/neuilly_marne\/","https:\/\/www.linkedin.com\/company\/ville-de-neuilly-sur-marne\/"]}]}},"_links":{"self":[{"href":"https:\/\/camping.lesrivesdeparis.fr\/en\/wp-json\/wp\/v2\/pages\/8049","targetHints":{"allow":["GET"]}}],"collection":[{"href":"https:\/\/camping.lesrivesdeparis.fr\/en\/wp-json\/wp\/v2\/pages"}],"about":[{"href":"https:\/\/camping.lesrivesdeparis.fr\/en\/wp-json\/wp\/v2\/types\/page"}],"author":[{"embeddable":true,"href":"https:\/\/camping.lesrivesdeparis.fr\/en\/wp-json\/wp\/v2\/users\/1"}],"replies":[{"embeddable":true,"href":"https:\/\/camping.lesrivesdeparis.fr\/en\/wp-json\/wp\/v2\/comments?post=8049"}],"version-history":[{"count":5,"href":"https:\/\/camping.lesrivesdeparis.fr\/en\/wp-json\/wp\/v2\/pages\/8049\/revisions"}],"predecessor-version":[{"id":10478,"href":"https:\/\/camping.lesrivesdeparis.fr\/en\/wp-json\/wp\/v2\/pages\/8049\/revisions\/10478"}],"wp:featuredmedia":[{"embeddable":true,"href":"https:\/\/camping.lesrivesdeparis.fr\/en\/wp-json\/wp\/v2\/media\/8652"}],"wp:attachment":[{"href":"https:\/\/camping.lesrivesdeparis.fr\/en\/wp-json\/wp\/v2\/media?parent=8049"}],"curies":[{"name":"wp","href":"https:\/\/api.w.org\/{rel}","templated":true}]}}