{"id":8189,"date":"2022-05-10T16:42:40","date_gmt":"2022-05-10T14:42:40","guid":{"rendered":"https:\/\/camping.lesrivesdeparis.fr\/?page_id=8189"},"modified":"2026-01-19T23:27:34","modified_gmt":"2026-01-19T22:27:34","slug":"presentation","status":"publish","type":"page","link":"https:\/\/camping.lesrivesdeparis.fr\/it\/presentation\/","title":{"rendered":"Presentazione"},"content":{"rendered":"<div data-elementor-type=\"wp-page\" data-elementor-id=\"8189\" class=\"elementor elementor-8189\" data-elementor-post-type=\"page\">\n\t\t\t\t\t\t<section class=\"elementor-section elementor-top-section elementor-element elementor-element-bcf74bd elementor-section-boxed elementor-section-height-default elementor-section-height-default\" data-id=\"bcf74bd\" data-element_type=\"section\" data-e-type=\"section\">\n\t\t\t\t\t\t<div class=\"elementor-container elementor-column-gap-default\">\n\t\t\t\t\t<div class=\"elementor-column elementor-col-50 elementor-top-column elementor-element elementor-element-b653fd5\" data-id=\"b653fd5\" data-element_type=\"column\" data-e-type=\"column\">\n\t\t\t<div class=\"elementor-widget-wrap elementor-element-populated\">\n\t\t\t\t\t\t<div class=\"elementor-element elementor-element-9c7ce88 elementor-widget elementor-widget-heading\" data-id=\"9c7ce88\" data-element_type=\"widget\" data-e-type=\"widget\" data-widget_type=\"heading.default\">\n\t\t\t\t<div class=\"elementor-widget-container\">\n\t\t\t\t\t<h2 class=\"elementor-heading-title elementor-size-default\">BENVENUTO AL CAMPEGGIO LES RIVES DE PARIS ***<\/h2>\t\t\t\t<\/div>\n\t\t\t\t<\/div>\n\t\t\t\t<div class=\"elementor-element elementor-element-e429540 elementor-widget elementor-widget-text-editor\" data-id=\"e429540\" data-element_type=\"widget\" data-e-type=\"widget\" data-widget_type=\"text-editor.default\">\n\t\t\t\t<div class=\"elementor-widget-container\">\n\t\t\t\t\t\t\t\t\t<p>Immerso in una natura rigogliosa tra la Marna e il canale, il campeggio a tre stelle Rives de Paris, nell'Ile-de-France (Seine-Saint-Denis), offre 111 piazzole per famiglie e amici per una vacanza all'aria aperta.<\/p><p>L'ambiente boscoso e la tranquillit\u00e0 del sito vi permetteranno di apprezzare il fascino della Parigi orientale, vicino a Parigi e a Disneyland.<\/p><p>Neuilly-sur-Marne \u00e8 accessibile attraverso le strade principali e con i mezzi pubblici con la RER A. Il campeggio \u00e8 accessibile alle persone a mobilit\u00e0 ridotta (tranne le casette) e dispone di servizi igienici PRM.<\/p><p>Tutto il team del campeggio vi d\u00e0 il benvenuto e vi augura un piacevole soggiorno!<\/p>\t\t\t\t\t\t\t\t<\/div>\n\t\t\t\t<\/div>\n\t\t\t\t<div class=\"elementor-element elementor-element-e8c0c70 elementor-tablet-align-center elementor-mobile-align-center elementor-widget elementor-widget-button\" data-id=\"e8c0c70\" data-element_type=\"widget\" data-e-type=\"widget\" data-widget_type=\"button.default\">\n\t\t\t\t<div class=\"elementor-widget-container\">\n\t\t\t\t\t\t\t\t\t<div class=\"elementor-button-wrapper\">\n\t\t\t\t\t<a class=\"elementor-button elementor-button-link elementor-size-sm elementor-animation-float\" href=\"https:\/\/camping.lesrivesdeparis.fr\/it\/?page_id=8035\">\n\t\t\t\t\t\t<span class=\"elementor-button-content-wrapper\">\n\t\t\t\t\t\t\t\t\t<span class=\"elementor-button-text\">Lavori di ristrutturazione <\/span>\n\t\t\t\t\t<\/span>\n\t\t\t\t\t<\/a>\n\t\t\t\t<\/div>\n\t\t\t\t\t\t\t\t<\/div>\n\t\t\t\t<\/div>\n\t\t\t\t\t<\/div>\n\t\t<\/div>\n\t\t\t\t<div class=\"elementor-column elementor-col-50 elementor-top-column elementor-element elementor-element-e542430\" data-id=\"e542430\" data-element_type=\"column\" data-e-type=\"column\">\n\t\t\t<div class=\"elementor-widget-wrap elementor-element-populated\">\n\t\t\t\t\t\t<div class=\"elementor-element elementor-element-12c1b89 elementor-widget elementor-widget-image\" data-id=\"12c1b89\" data-element_type=\"widget\" data-e-type=\"widget\" data-widget_type=\"image.default\">\n\t\t\t\t<div class=\"elementor-widget-container\">\n\t\t\t\t\t\t\t\t\t\t\t\t\t\t\t\t<a href=\"https:\/\/camping.lesrivesdeparis.fr\/wp-content\/uploads\/2023\/05\/Camping-04.2023-3-scaled.jpg\" data-elementor-open-lightbox=\"yes\" data-elementor-lightbox-title=\"Camping 04.2023-3\" data-e-action-hash=\"#elementor-action%3Aaction%3Dlightbox%26settings%3DeyJpZCI6MTA4ODksInVybCI6Imh0dHBzOlwvXC9jYW1waW5nLmxlc3JpdmVzZGVwYXJpcy5mclwvd3AtY29udGVudFwvdXBsb2Fkc1wvMjAyM1wvMDVcL0NhbXBpbmctMDQuMjAyMy0zLXNjYWxlZC5qcGcifQ%3D%3D\">\n\t\t\t\t\t\t\t<img fetchpriority=\"high\" decoding=\"async\" width=\"768\" height=\"512\" src=\"https:\/\/camping.lesrivesdeparis.fr\/wp-content\/uploads\/2023\/05\/Camping-04.2023-3-768x512.jpg\" class=\"attachment-medium_large size-medium_large wp-image-10889\" alt=\"\" srcset=\"https:\/\/camping.lesrivesdeparis.fr\/wp-content\/uploads\/2023\/05\/Camping-04.2023-3-768x512.jpg 768w, https:\/\/camping.lesrivesdeparis.fr\/wp-content\/uploads\/2023\/05\/Camping-04.2023-3-300x200.jpg 300w, https:\/\/camping.lesrivesdeparis.fr\/wp-content\/uploads\/2023\/05\/Camping-04.2023-3-1024x683.jpg 1024w, https:\/\/camping.lesrivesdeparis.fr\/wp-content\/uploads\/2023\/05\/Camping-04.2023-3-1536x1024.jpg 1536w, https:\/\/camping.lesrivesdeparis.fr\/wp-content\/uploads\/2023\/05\/Camping-04.2023-3-2048x1365.jpg 2048w\" sizes=\"(max-width: 768px) 100vw, 768px\" \/>\t\t\t\t\t\t\t\t<\/a>\n\t\t\t\t\t\t\t\t\t\t\t\t\t\t\t<\/div>\n\t\t\t\t<\/div>\n\t\t\t\t\t<\/div>\n\t\t<\/div>\n\t\t\t\t\t<\/div>\n\t\t<\/section>\n\t\t\t\t<section class=\"elementor-section elementor-top-section elementor-element elementor-element-8d1d433 elementor-section-boxed elementor-section-height-default elementor-section-height-default\" data-id=\"8d1d433\" data-element_type=\"section\" data-e-type=\"section\">\n\t\t\t\t\t\t<div class=\"elementor-container elementor-column-gap-default\">\n\t\t\t\t\t<div class=\"elementor-column elementor-col-100 elementor-top-column elementor-element elementor-element-194854b\" data-id=\"194854b\" data-element_type=\"column\" data-e-type=\"column\">\n\t\t\t<div class=\"elementor-widget-wrap elementor-element-populated\">\n\t\t\t\t<div class=\"elementor-element elementor-element-bcf0901 e-grid e-con-boxed e-con e-parent\" data-id=\"bcf0901\" data-element_type=\"container\" data-e-type=\"container\">\n\t\t\t\t\t<div class=\"e-con-inner\">\n\t\t\t\t<div class=\"elementor-element elementor-element-842ad80 elementor-widget elementor-widget-image\" data-id=\"842ad80\" data-element_type=\"widget\" data-e-type=\"widget\" data-widget_type=\"image.default\">\n\t\t\t\t<div class=\"elementor-widget-container\">\n\t\t\t\t\t\t\t\t\t\t\t\t\t\t\t\t<a href=\"https:\/\/camping.lesrivesdeparis.fr\/wp-content\/uploads\/2023\/05\/3DBB56AD-7C98-4E9E-A1A2-D831246FAB90-scaled.jpeg\" data-elementor-open-lightbox=\"yes\" data-elementor-lightbox-title=\"3DBB56AD-7C98-4E9E-A1A2-D831246FAB90\" data-e-action-hash=\"#elementor-action%3Aaction%3Dlightbox%26settings%3DeyJpZCI6MTA5MTYsInVybCI6Imh0dHBzOlwvXC9jYW1waW5nLmxlc3JpdmVzZGVwYXJpcy5mclwvd3AtY29udGVudFwvdXBsb2Fkc1wvMjAyM1wvMDVcLzNEQkI1NkFELTdDOTgtNEU5RS1BMUEyLUQ4MzEyNDZGQUI5MC1zY2FsZWQuanBlZyJ9\">\n\t\t\t\t\t\t\t<img decoding=\"async\" width=\"800\" height=\"595\" src=\"https:\/\/camping.lesrivesdeparis.fr\/wp-content\/uploads\/2023\/05\/3DBB56AD-7C98-4E9E-A1A2-D831246FAB90-1024x761.jpeg\" class=\"attachment-large size-large wp-image-10916\" alt=\"\" srcset=\"https:\/\/camping.lesrivesdeparis.fr\/wp-content\/uploads\/2023\/05\/3DBB56AD-7C98-4E9E-A1A2-D831246FAB90-1024x761.jpeg 1024w, https:\/\/camping.lesrivesdeparis.fr\/wp-content\/uploads\/2023\/05\/3DBB56AD-7C98-4E9E-A1A2-D831246FAB90-300x223.jpeg 300w, https:\/\/camping.lesrivesdeparis.fr\/wp-content\/uploads\/2023\/05\/3DBB56AD-7C98-4E9E-A1A2-D831246FAB90-768x570.jpeg 768w, https:\/\/camping.lesrivesdeparis.fr\/wp-content\/uploads\/2023\/05\/3DBB56AD-7C98-4E9E-A1A2-D831246FAB90-1536x1141.jpeg 1536w, https:\/\/camping.lesrivesdeparis.fr\/wp-content\/uploads\/2023\/05\/3DBB56AD-7C98-4E9E-A1A2-D831246FAB90-2048x1521.jpeg 2048w\" sizes=\"(max-width: 800px) 100vw, 800px\" \/>\t\t\t\t\t\t\t\t<\/a>\n\t\t\t\t\t\t\t\t\t\t\t\t\t\t\t<\/div>\n\t\t\t\t<\/div>\n\t\t\t\t<div class=\"elementor-element elementor-element-48d6fc9 elementor-widget elementor-widget-image\" data-id=\"48d6fc9\" data-element_type=\"widget\" data-e-type=\"widget\" data-widget_type=\"image.default\">\n\t\t\t\t<div class=\"elementor-widget-container\">\n\t\t\t\t\t\t\t\t\t\t\t\t\t\t\t\t<a href=\"https:\/\/camping.lesrivesdeparis.fr\/wp-content\/uploads\/2023\/02\/combirivesdeparis.jpg\" data-elementor-open-lightbox=\"yes\" data-elementor-lightbox-title=\"combirivesdeparis\" data-e-action-hash=\"#elementor-action%3Aaction%3Dlightbox%26settings%3DeyJpZCI6MTA3MzQsInVybCI6Imh0dHBzOlwvXC9jYW1waW5nLmxlc3JpdmVzZGVwYXJpcy5mclwvd3AtY29udGVudFwvdXBsb2Fkc1wvMjAyM1wvMDJcL2NvbWJpcml2ZXNkZXBhcmlzLmpwZyJ9\">\n\t\t\t\t\t\t\t<img decoding=\"async\" width=\"600\" height=\"500\" src=\"https:\/\/camping.lesrivesdeparis.fr\/wp-content\/uploads\/2023\/02\/combirivesdeparis.jpg\" class=\"attachment-large size-large wp-image-10734\" alt=\"\" srcset=\"https:\/\/camping.lesrivesdeparis.fr\/wp-content\/uploads\/2023\/02\/combirivesdeparis.jpg 600w, https:\/\/camping.lesrivesdeparis.fr\/wp-content\/uploads\/2023\/02\/combirivesdeparis-300x250.jpg 300w\" sizes=\"(max-width: 600px) 100vw, 600px\" \/>\t\t\t\t\t\t\t\t<\/a>\n\t\t\t\t\t\t\t\t\t\t\t\t\t\t\t<\/div>\n\t\t\t\t<\/div>\n\t\t\t\t<div class=\"elementor-element elementor-element-887e22e elementor-widget elementor-widget-image\" data-id=\"887e22e\" data-element_type=\"widget\" data-e-type=\"widget\" data-widget_type=\"image.default\">\n\t\t\t\t<div class=\"elementor-widget-container\">\n\t\t\t\t\t\t\t\t\t\t\t\t\t\t\t\t<a href=\"https:\/\/camping.lesrivesdeparis.fr\/wp-content\/uploads\/2023\/05\/6E172923-2F1F-40AB-9C91-F36C6565563A-scaled.jpeg\" data-elementor-open-lightbox=\"yes\" data-elementor-lightbox-title=\"6E172923-2F1F-40AB-9C91-F36C6565563A\" data-e-action-hash=\"#elementor-action%3Aaction%3Dlightbox%26settings%3DeyJpZCI6MTA5MTksInVybCI6Imh0dHBzOlwvXC9jYW1waW5nLmxlc3JpdmVzZGVwYXJpcy5mclwvd3AtY29udGVudFwvdXBsb2Fkc1wvMjAyM1wvMDVcLzZFMTcyOTIzLTJGMUYtNDBBQi05QzkxLUYzNkM2NTY1NTYzQS1zY2FsZWQuanBlZyJ9\">\n\t\t\t\t\t\t\t<img loading=\"lazy\" decoding=\"async\" width=\"800\" height=\"960\" src=\"https:\/\/camping.lesrivesdeparis.fr\/wp-content\/uploads\/2023\/05\/6E172923-2F1F-40AB-9C91-F36C6565563A-853x1024.jpeg\" class=\"attachment-large size-large wp-image-10919\" alt=\"\" srcset=\"https:\/\/camping.lesrivesdeparis.fr\/wp-content\/uploads\/2023\/05\/6E172923-2F1F-40AB-9C91-F36C6565563A-853x1024.jpeg 853w, https:\/\/camping.lesrivesdeparis.fr\/wp-content\/uploads\/2023\/05\/6E172923-2F1F-40AB-9C91-F36C6565563A-250x300.jpeg 250w, https:\/\/camping.lesrivesdeparis.fr\/wp-content\/uploads\/2023\/05\/6E172923-2F1F-40AB-9C91-F36C6565563A-768x922.jpeg 768w, https:\/\/camping.lesrivesdeparis.fr\/wp-content\/uploads\/2023\/05\/6E172923-2F1F-40AB-9C91-F36C6565563A-1280x1536.jpeg 1280w, https:\/\/camping.lesrivesdeparis.fr\/wp-content\/uploads\/2023\/05\/6E172923-2F1F-40AB-9C91-F36C6565563A-1706x2048.jpeg 1706w\" sizes=\"(max-width: 800px) 100vw, 800px\" \/>\t\t\t\t\t\t\t\t<\/a>\n\t\t\t\t\t\t\t\t\t\t\t\t\t\t\t<\/div>\n\t\t\t\t<\/div>\n\t\t\t\t<div class=\"elementor-element elementor-element-11f77dd elementor-widget elementor-widget-image\" data-id=\"11f77dd\" data-element_type=\"widget\" data-e-type=\"widget\" data-widget_type=\"image.default\">\n\t\t\t\t<div class=\"elementor-widget-container\">\n\t\t\t\t\t\t\t\t\t\t\t\t\t\t\t\t<a href=\"https:\/\/camping.lesrivesdeparis.fr\/wp-content\/uploads\/2023\/02\/vanducato.jpg\" data-elementor-open-lightbox=\"yes\" data-elementor-lightbox-title=\"vanducato\" data-e-action-hash=\"#elementor-action%3Aaction%3Dlightbox%26settings%3DeyJpZCI6MTA3NjksInVybCI6Imh0dHBzOlwvXC9jYW1waW5nLmxlc3JpdmVzZGVwYXJpcy5mclwvd3AtY29udGVudFwvdXBsb2Fkc1wvMjAyM1wvMDJcL3ZhbmR1Y2F0by5qcGcifQ%3D%3D\">\n\t\t\t\t\t\t\t<img loading=\"lazy\" decoding=\"async\" width=\"600\" height=\"500\" src=\"https:\/\/camping.lesrivesdeparis.fr\/wp-content\/uploads\/2023\/02\/vanducato.jpg\" class=\"attachment-large size-large wp-image-10769\" alt=\"\" srcset=\"https:\/\/camping.lesrivesdeparis.fr\/wp-content\/uploads\/2023\/02\/vanducato.jpg 600w, https:\/\/camping.lesrivesdeparis.fr\/wp-content\/uploads\/2023\/02\/vanducato-300x250.jpg 300w\" sizes=\"(max-width: 600px) 100vw, 600px\" \/>\t\t\t\t\t\t\t\t<\/a>\n\t\t\t\t\t\t\t\t\t\t\t\t\t\t\t<\/div>\n\t\t\t\t<\/div>\n\t\t\t\t<div class=\"elementor-element elementor-element-efcbeb7 elementor-widget elementor-widget-image\" data-id=\"efcbeb7\" data-element_type=\"widget\" data-e-type=\"widget\" data-widget_type=\"image.default\">\n\t\t\t\t<div class=\"elementor-widget-container\">\n\t\t\t\t\t\t\t\t\t\t\t\t\t\t\t\t<a href=\"https:\/\/camping.lesrivesdeparis.fr\/wp-content\/uploads\/2023\/05\/Camping-04.2023-10-scaled.jpg\" data-elementor-open-lightbox=\"yes\" data-elementor-lightbox-title=\"Camping 04.2023-10\" data-e-action-hash=\"#elementor-action%3Aaction%3Dlightbox%26settings%3DeyJpZCI6MTA4NTUsInVybCI6Imh0dHBzOlwvXC9jYW1waW5nLmxlc3JpdmVzZGVwYXJpcy5mclwvd3AtY29udGVudFwvdXBsb2Fkc1wvMjAyM1wvMDVcL0NhbXBpbmctMDQuMjAyMy0xMC1zY2FsZWQuanBnIn0%3D\">\n\t\t\t\t\t\t\t<img loading=\"lazy\" decoding=\"async\" width=\"800\" height=\"534\" src=\"https:\/\/camping.lesrivesdeparis.fr\/wp-content\/uploads\/2023\/05\/Camping-04.2023-10-1024x683.jpg\" class=\"attachment-large size-large wp-image-10855\" alt=\"\" srcset=\"https:\/\/camping.lesrivesdeparis.fr\/wp-content\/uploads\/2023\/05\/Camping-04.2023-10-1024x683.jpg 1024w, https:\/\/camping.lesrivesdeparis.fr\/wp-content\/uploads\/2023\/05\/Camping-04.2023-10-300x200.jpg 300w, https:\/\/camping.lesrivesdeparis.fr\/wp-content\/uploads\/2023\/05\/Camping-04.2023-10-768x512.jpg 768w, https:\/\/camping.lesrivesdeparis.fr\/wp-content\/uploads\/2023\/05\/Camping-04.2023-10-1536x1024.jpg 1536w, https:\/\/camping.lesrivesdeparis.fr\/wp-content\/uploads\/2023\/05\/Camping-04.2023-10-2048x1365.jpg 2048w\" sizes=\"(max-width: 800px) 100vw, 800px\" \/>\t\t\t\t\t\t\t\t<\/a>\n\t\t\t\t\t\t\t\t\t\t\t\t\t\t\t<\/div>\n\t\t\t\t<\/div>\n\t\t\t\t<div class=\"elementor-element elementor-element-5fa65ba elementor-widget elementor-widget-image\" data-id=\"5fa65ba\" data-element_type=\"widget\" data-e-type=\"widget\" data-widget_type=\"image.default\">\n\t\t\t\t<div class=\"elementor-widget-container\">\n\t\t\t\t\t\t\t\t\t\t\t\t\t\t\t\t<a href=\"https:\/\/camping.lesrivesdeparis.fr\/wp-content\/uploads\/2023\/02\/tentenfamille.jpg\" data-elementor-open-lightbox=\"yes\" data-elementor-lightbox-title=\"tentenfamille\" data-e-action-hash=\"#elementor-action%3Aaction%3Dlightbox%26settings%3DeyJpZCI6MTA3NjIsInVybCI6Imh0dHBzOlwvXC9jYW1waW5nLmxlc3JpdmVzZGVwYXJpcy5mclwvd3AtY29udGVudFwvdXBsb2Fkc1wvMjAyM1wvMDJcL3RlbnRlbmZhbWlsbGUuanBnIn0%3D\">\n\t\t\t\t\t\t\t<img loading=\"lazy\" decoding=\"async\" width=\"600\" height=\"500\" src=\"https:\/\/camping.lesrivesdeparis.fr\/wp-content\/uploads\/2023\/02\/tentenfamille.jpg\" class=\"attachment-large size-large wp-image-10762\" alt=\"\" srcset=\"https:\/\/camping.lesrivesdeparis.fr\/wp-content\/uploads\/2023\/02\/tentenfamille.jpg 600w, https:\/\/camping.lesrivesdeparis.fr\/wp-content\/uploads\/2023\/02\/tentenfamille-300x250.jpg 300w\" sizes=\"(max-width: 600px) 100vw, 600px\" \/>\t\t\t\t\t\t\t\t<\/a>\n\t\t\t\t\t\t\t\t\t\t\t\t\t\t\t<\/div>\n\t\t\t\t<\/div>\n\t\t\t\t\t<\/div>\n\t\t\t\t<\/div>\n\t\t\t\t\t<\/div>\n\t\t<\/div>\n\t\t\t\t\t<\/div>\n\t\t<\/section>\n\t\t\t\t<\/div>","protected":false},"excerpt":{"rendered":"<p>BIENVENUE AU CAMPING LES RIVES DE PARIS *** Sur un site naturel verdoyant, entre Marne et canal, le camping trois \u00e9toiles des Rives de Paris en Ile-de-France (Seine-Saint-Denis) vous propose un s\u00e9jour en plein air, en famille ou entre amis gr\u00e2ce \u00e0 ses 111 emplacements. Le cadre bois\u00e9 et la tranquillit\u00e9 du site vous permettront [&hellip;]<\/p>\n","protected":false},"author":1,"featured_media":8661,"parent":0,"menu_order":0,"comment_status":"closed","ping_status":"closed","template":"","meta":{"footnotes":""},"class_list":["post-8189","page","type-page","status-publish","has-post-thumbnail","hentry"],"yoast_head":"<!-- This site is optimized with the Yoast SEO plugin v27.4 - https:\/\/yoast.com\/product\/yoast-seo-wordpress\/ -->\n<title>Pr\u00e9sentation - Camping Les Rives de Paris<\/title>\n<meta name=\"robots\" content=\"index, follow, max-snippet:-1, max-image-preview:large, max-video-preview:-1\" \/>\n<link rel=\"canonical\" href=\"https:\/\/camping.lesrivesdeparis.fr\/it\/presentation\/\" \/>\n<meta property=\"og:locale\" content=\"it_IT\" \/>\n<meta property=\"og:type\" content=\"article\" \/>\n<meta property=\"og:title\" content=\"Pr\u00e9sentation - Camping Les Rives de Paris\" \/>\n<meta property=\"og:description\" content=\"BIENVENUE AU CAMPING LES RIVES DE PARIS *** Sur un site naturel verdoyant, entre Marne et canal, le camping trois \u00e9toiles des Rives de Paris en Ile-de-France (Seine-Saint-Denis) vous propose un s\u00e9jour en plein air, en famille ou entre amis gr\u00e2ce \u00e0 ses 111 emplacements. Le cadre bois\u00e9 et la tranquillit\u00e9 du site vous permettront [&hellip;]\" \/>\n<meta property=\"og:url\" content=\"https:\/\/camping.lesrivesdeparis.fr\/it\/presentation\/\" \/>\n<meta property=\"og:site_name\" content=\"Camping Les Rives de Paris\" \/>\n<meta property=\"article:publisher\" content=\"https:\/\/www.facebook.com\/ville.neuilly\" \/>\n<meta property=\"article:modified_time\" content=\"2026-01-19T22:27:34+00:00\" \/>\n<meta property=\"og:image\" content=\"https:\/\/camping.lesrivesdeparis.fr\/wp-content\/uploads\/2022\/05\/Intro-scaled-e1653299479274.jpg\" \/>\n\t<meta property=\"og:image:width\" content=\"800\" \/>\n\t<meta property=\"og:image:height\" content=\"530\" \/>\n\t<meta property=\"og:image:type\" content=\"image\/jpeg\" \/>\n<meta name=\"twitter:card\" content=\"summary_large_image\" \/>\n<meta name=\"twitter:label1\" content=\"Tempo di lettura stimato\" \/>\n\t<meta name=\"twitter:data1\" content=\"3 minuti\" \/>\n<script type=\"application\/ld+json\" class=\"yoast-schema-graph\">{\"@context\":\"https:\\\/\\\/schema.org\",\"@graph\":[{\"@type\":\"WebPage\",\"@id\":\"https:\\\/\\\/camping.lesrivesdeparis.fr\\\/presentation\\\/\",\"url\":\"https:\\\/\\\/camping.lesrivesdeparis.fr\\\/presentation\\\/\",\"name\":\"Pr\u00e9sentation - Camping Les Rives de Paris\",\"isPartOf\":{\"@id\":\"https:\\\/\\\/camping.lesrivesdeparis.fr\\\/#website\"},\"primaryImageOfPage\":{\"@id\":\"https:\\\/\\\/camping.lesrivesdeparis.fr\\\/presentation\\\/#primaryimage\"},\"image\":{\"@id\":\"https:\\\/\\\/camping.lesrivesdeparis.fr\\\/presentation\\\/#primaryimage\"},\"thumbnailUrl\":\"https:\\\/\\\/camping.lesrivesdeparis.fr\\\/wp-content\\\/uploads\\\/2022\\\/05\\\/Intro-scaled-e1653299479274.jpg\",\"datePublished\":\"2022-05-10T14:42:40+00:00\",\"dateModified\":\"2026-01-19T22:27:34+00:00\",\"breadcrumb\":{\"@id\":\"https:\\\/\\\/camping.lesrivesdeparis.fr\\\/presentation\\\/#breadcrumb\"},\"inLanguage\":\"it-IT\",\"potentialAction\":[{\"@type\":\"ReadAction\",\"target\":[\"https:\\\/\\\/camping.lesrivesdeparis.fr\\\/presentation\\\/\"]}]},{\"@type\":\"ImageObject\",\"inLanguage\":\"it-IT\",\"@id\":\"https:\\\/\\\/camping.lesrivesdeparis.fr\\\/presentation\\\/#primaryimage\",\"url\":\"https:\\\/\\\/camping.lesrivesdeparis.fr\\\/wp-content\\\/uploads\\\/2022\\\/05\\\/Intro-scaled-e1653299479274.jpg\",\"contentUrl\":\"https:\\\/\\\/camping.lesrivesdeparis.fr\\\/wp-content\\\/uploads\\\/2022\\\/05\\\/Intro-scaled-e1653299479274.jpg\",\"width\":800,\"height\":530},{\"@type\":\"BreadcrumbList\",\"@id\":\"https:\\\/\\\/camping.lesrivesdeparis.fr\\\/presentation\\\/#breadcrumb\",\"itemListElement\":[{\"@type\":\"ListItem\",\"position\":1,\"name\":\"Accueil\",\"item\":\"https:\\\/\\\/camping.lesrivesdeparis.fr\\\/\"},{\"@type\":\"ListItem\",\"position\":2,\"name\":\"Pr\u00e9sentation\"}]},{\"@type\":\"WebSite\",\"@id\":\"https:\\\/\\\/camping.lesrivesdeparis.fr\\\/#website\",\"url\":\"https:\\\/\\\/camping.lesrivesdeparis.fr\\\/\",\"name\":\"Camping Les Rives de Paris\",\"description\":\"\",\"publisher\":{\"@id\":\"https:\\\/\\\/camping.lesrivesdeparis.fr\\\/#organization\"},\"potentialAction\":[{\"@type\":\"SearchAction\",\"target\":{\"@type\":\"EntryPoint\",\"urlTemplate\":\"https:\\\/\\\/camping.lesrivesdeparis.fr\\\/?s={search_term_string}\"},\"query-input\":{\"@type\":\"PropertyValueSpecification\",\"valueRequired\":true,\"valueName\":\"search_term_string\"}}],\"inLanguage\":\"it-IT\"},{\"@type\":\"Organization\",\"@id\":\"https:\\\/\\\/camping.lesrivesdeparis.fr\\\/#organization\",\"name\":\"Camping Les rives de Paris\",\"url\":\"https:\\\/\\\/camping.lesrivesdeparis.fr\\\/\",\"logo\":{\"@type\":\"ImageObject\",\"inLanguage\":\"it-IT\",\"@id\":\"https:\\\/\\\/camping.lesrivesdeparis.fr\\\/#\\\/schema\\\/logo\\\/image\\\/\",\"url\":\"https:\\\/\\\/camping.lesrivesdeparis.fr\\\/wp-content\\\/uploads\\\/2022\\\/06\\\/logo-camping-rives-paris-scaled.jpg\",\"contentUrl\":\"https:\\\/\\\/camping.lesrivesdeparis.fr\\\/wp-content\\\/uploads\\\/2022\\\/06\\\/logo-camping-rives-paris-scaled.jpg\",\"width\":2329,\"height\":2560,\"caption\":\"Camping Les rives de Paris\"},\"image\":{\"@id\":\"https:\\\/\\\/camping.lesrivesdeparis.fr\\\/#\\\/schema\\\/logo\\\/image\\\/\"},\"sameAs\":[\"https:\\\/\\\/www.facebook.com\\\/ville.neuilly\",\"https:\\\/\\\/www.instagram.com\\\/neuilly_marne\\\/\",\"https:\\\/\\\/www.linkedin.com\\\/company\\\/ville-de-neuilly-sur-marne\\\/\"]}]}<\/script>\n<!-- \/ Yoast SEO plugin. -->","yoast_head_json":{"title":"Presentazione - Campeggio Les Rives de Paris","robots":{"index":"index","follow":"follow","max-snippet":"max-snippet:-1","max-image-preview":"max-image-preview:large","max-video-preview":"max-video-preview:-1"},"canonical":"https:\/\/camping.lesrivesdeparis.fr\/it\/presentation\/","og_locale":"it_IT","og_type":"article","og_title":"Pr\u00e9sentation - Camping Les Rives de Paris","og_description":"BIENVENUE AU CAMPING LES RIVES DE PARIS *** Sur un site naturel verdoyant, entre Marne et canal, le camping trois \u00e9toiles des Rives de Paris en Ile-de-France (Seine-Saint-Denis) vous propose un s\u00e9jour en plein air, en famille ou entre amis gr\u00e2ce \u00e0 ses 111 emplacements. Le cadre bois\u00e9 et la tranquillit\u00e9 du site vous permettront [&hellip;]","og_url":"https:\/\/camping.lesrivesdeparis.fr\/it\/presentation\/","og_site_name":"Camping Les Rives de Paris","article_publisher":"https:\/\/www.facebook.com\/ville.neuilly","article_modified_time":"2026-01-19T22:27:34+00:00","og_image":[{"width":800,"height":530,"url":"https:\/\/camping.lesrivesdeparis.fr\/wp-content\/uploads\/2022\/05\/Intro-scaled-e1653299479274.jpg","type":"image\/jpeg"}],"twitter_card":"summary_large_image","twitter_misc":{"Tempo di lettura stimato":"3 minuti"},"schema":{"@context":"https:\/\/schema.org","@graph":[{"@type":"WebPage","@id":"https:\/\/camping.lesrivesdeparis.fr\/presentation\/","url":"https:\/\/camping.lesrivesdeparis.fr\/presentation\/","name":"Presentazione - Campeggio Les Rives de Paris","isPartOf":{"@id":"https:\/\/camping.lesrivesdeparis.fr\/#website"},"primaryImageOfPage":{"@id":"https:\/\/camping.lesrivesdeparis.fr\/presentation\/#primaryimage"},"image":{"@id":"https:\/\/camping.lesrivesdeparis.fr\/presentation\/#primaryimage"},"thumbnailUrl":"https:\/\/camping.lesrivesdeparis.fr\/wp-content\/uploads\/2022\/05\/Intro-scaled-e1653299479274.jpg","datePublished":"2022-05-10T14:42:40+00:00","dateModified":"2026-01-19T22:27:34+00:00","breadcrumb":{"@id":"https:\/\/camping.lesrivesdeparis.fr\/presentation\/#breadcrumb"},"inLanguage":"it-IT","potentialAction":[{"@type":"ReadAction","target":["https:\/\/camping.lesrivesdeparis.fr\/presentation\/"]}]},{"@type":"ImageObject","inLanguage":"it-IT","@id":"https:\/\/camping.lesrivesdeparis.fr\/presentation\/#primaryimage","url":"https:\/\/camping.lesrivesdeparis.fr\/wp-content\/uploads\/2022\/05\/Intro-scaled-e1653299479274.jpg","contentUrl":"https:\/\/camping.lesrivesdeparis.fr\/wp-content\/uploads\/2022\/05\/Intro-scaled-e1653299479274.jpg","width":800,"height":530},{"@type":"BreadcrumbList","@id":"https:\/\/camping.lesrivesdeparis.fr\/presentation\/#breadcrumb","itemListElement":[{"@type":"ListItem","position":1,"name":"Accueil","item":"https:\/\/camping.lesrivesdeparis.fr\/"},{"@type":"ListItem","position":2,"name":"Pr\u00e9sentation"}]},{"@type":"WebSite","@id":"https:\/\/camping.lesrivesdeparis.fr\/#website","url":"https:\/\/camping.lesrivesdeparis.fr\/","name":"Campeggio Les Rives de Paris","description":"","publisher":{"@id":"https:\/\/camping.lesrivesdeparis.fr\/#organization"},"potentialAction":[{"@type":"SearchAction","target":{"@type":"EntryPoint","urlTemplate":"https:\/\/camping.lesrivesdeparis.fr\/?s={search_term_string}"},"query-input":{"@type":"PropertyValueSpecification","valueRequired":true,"valueName":"search_term_string"}}],"inLanguage":"it-IT"},{"@type":"Organization","@id":"https:\/\/camping.lesrivesdeparis.fr\/#organization","name":"Campeggio Les rives de Paris","url":"https:\/\/camping.lesrivesdeparis.fr\/","logo":{"@type":"ImageObject","inLanguage":"it-IT","@id":"https:\/\/camping.lesrivesdeparis.fr\/#\/schema\/logo\/image\/","url":"https:\/\/camping.lesrivesdeparis.fr\/wp-content\/uploads\/2022\/06\/logo-camping-rives-paris-scaled.jpg","contentUrl":"https:\/\/camping.lesrivesdeparis.fr\/wp-content\/uploads\/2022\/06\/logo-camping-rives-paris-scaled.jpg","width":2329,"height":2560,"caption":"Camping Les rives de Paris"},"image":{"@id":"https:\/\/camping.lesrivesdeparis.fr\/#\/schema\/logo\/image\/"},"sameAs":["https:\/\/www.facebook.com\/ville.neuilly","https:\/\/www.instagram.com\/neuilly_marne\/","https:\/\/www.linkedin.com\/company\/ville-de-neuilly-sur-marne\/"]}]}},"_links":{"self":[{"href":"https:\/\/camping.lesrivesdeparis.fr\/it\/wp-json\/wp\/v2\/pages\/8189","targetHints":{"allow":["GET"]}}],"collection":[{"href":"https:\/\/camping.lesrivesdeparis.fr\/it\/wp-json\/wp\/v2\/pages"}],"about":[{"href":"https:\/\/camping.lesrivesdeparis.fr\/it\/wp-json\/wp\/v2\/types\/page"}],"author":[{"embeddable":true,"href":"https:\/\/camping.lesrivesdeparis.fr\/it\/wp-json\/wp\/v2\/users\/1"}],"replies":[{"embeddable":true,"href":"https:\/\/camping.lesrivesdeparis.fr\/it\/wp-json\/wp\/v2\/comments?post=8189"}],"version-history":[{"count":67,"href":"https:\/\/camping.lesrivesdeparis.fr\/it\/wp-json\/wp\/v2\/pages\/8189\/revisions"}],"predecessor-version":[{"id":11430,"href":"https:\/\/camping.lesrivesdeparis.fr\/it\/wp-json\/wp\/v2\/pages\/8189\/revisions\/11430"}],"wp:featuredmedia":[{"embeddable":true,"href":"https:\/\/camping.lesrivesdeparis.fr\/it\/wp-json\/wp\/v2\/media\/8661"}],"wp:attachment":[{"href":"https:\/\/camping.lesrivesdeparis.fr\/it\/wp-json\/wp\/v2\/media?parent=8189"}],"curies":[{"name":"wp","href":"https:\/\/api.w.org\/{rel}","templated":true}]}}