{"id":9592,"date":"2022-06-07T10:56:07","date_gmt":"2022-06-07T08:56:07","guid":{"rendered":"https:\/\/camping.lesrivesdeparis.fr\/?page_id=9592"},"modified":"2022-06-22T18:03:01","modified_gmt":"2022-06-22T16:03:01","slug":"les-alentours-2","status":"publish","type":"page","link":"https:\/\/camping.lesrivesdeparis.fr\/nl\/les-alentours-2\/","title":{"rendered":"De omgeving"},"content":{"rendered":"<div data-elementor-type=\"wp-page\" data-elementor-id=\"9592\" class=\"elementor elementor-9592\" data-elementor-post-type=\"page\">\n\t\t\t\t\t\t<section class=\"elementor-section elementor-top-section elementor-element elementor-element-370621d elementor-section-boxed elementor-section-height-default elementor-section-height-default\" data-id=\"370621d\" data-element_type=\"section\" data-e-type=\"section\">\n\t\t\t\t\t\t<div class=\"elementor-container elementor-column-gap-default\">\n\t\t\t\t\t<div class=\"make-column-clickable-elementor elementor-column elementor-col-50 elementor-top-column elementor-element elementor-element-06b84e9\" style=\"cursor: pointer;\" data-column-clickable=\"https:\/\/camping.lesrivesdeparis.fr\/les-activites\/\" data-column-clickable-blank=\"_self\" data-id=\"06b84e9\" data-element_type=\"column\" data-e-type=\"column\" data-settings=\"{&quot;background_background&quot;:&quot;classic&quot;}\">\n\t\t\t<div class=\"elementor-widget-wrap elementor-element-populated\">\n\t\t\t\t\t<div class=\"elementor-background-overlay\"><\/div>\n\t\t\t\t\t\t<div class=\"elementor-element elementor-element-e74cae5 elementor-widget elementor-widget-text-editor\" data-id=\"e74cae5\" data-element_type=\"widget\" data-e-type=\"widget\" data-widget_type=\"text-editor.default\">\n\t\t\t\t<div class=\"elementor-widget-container\">\n\t\t\t\t\t\t\t\t\t<p>De activiteiten\u00a0<\/p>\t\t\t\t\t\t\t\t<\/div>\n\t\t\t\t<\/div>\n\t\t\t\t\t<\/div>\n\t\t<\/div>\n\t\t\t\t<div class=\"make-column-clickable-elementor elementor-column elementor-col-50 elementor-top-column elementor-element elementor-element-2f0d169\" style=\"cursor: pointer;\" data-column-clickable=\"https:\/\/camping.lesrivesdeparis.fr\/disneyland-paris\/\" data-column-clickable-blank=\"_self\" data-id=\"2f0d169\" data-element_type=\"column\" data-e-type=\"column\" data-settings=\"{&quot;background_background&quot;:&quot;classic&quot;}\">\n\t\t\t<div class=\"elementor-widget-wrap elementor-element-populated\">\n\t\t\t\t\t<div class=\"elementor-background-overlay\"><\/div>\n\t\t\t\t\t\t<div class=\"elementor-element elementor-element-c30dd22 elementor-widget elementor-widget-text-editor\" data-id=\"c30dd22\" data-element_type=\"widget\" data-e-type=\"widget\" data-widget_type=\"text-editor.default\">\n\t\t\t\t<div class=\"elementor-widget-container\">\n\t\t\t\t\t\t\t\t\t<p>Themaparken<\/p>\t\t\t\t\t\t\t\t<\/div>\n\t\t\t\t<\/div>\n\t\t\t\t\t<\/div>\n\t\t<\/div>\n\t\t\t\t\t<\/div>\n\t\t<\/section>\n\t\t\t\t<section class=\"elementor-section elementor-top-section elementor-element elementor-element-a75b299 elementor-section-boxed elementor-section-height-default elementor-section-height-default\" data-id=\"a75b299\" data-element_type=\"section\" data-e-type=\"section\">\n\t\t\t\t\t\t<div class=\"elementor-container elementor-column-gap-default\">\n\t\t\t\t\t<div class=\"make-column-clickable-elementor elementor-column elementor-col-50 elementor-top-column elementor-element elementor-element-1b63998\" style=\"cursor: pointer;\" data-column-clickable=\"https:\/\/camping.lesrivesdeparis.fr\/paris\/\" data-column-clickable-blank=\"_self\" data-id=\"1b63998\" data-element_type=\"column\" data-e-type=\"column\" data-settings=\"{&quot;background_background&quot;:&quot;classic&quot;}\">\n\t\t\t<div class=\"elementor-widget-wrap elementor-element-populated\">\n\t\t\t\t\t<div class=\"elementor-background-overlay\"><\/div>\n\t\t\t\t\t\t<div class=\"elementor-element elementor-element-612c90a elementor-widget elementor-widget-text-editor\" data-id=\"612c90a\" data-element_type=\"widget\" data-e-type=\"widget\" data-widget_type=\"text-editor.default\">\n\t\t\t\t<div class=\"elementor-widget-container\">\n\t\t\t\t\t\t\t\t\t<p>Parijs<\/p>\t\t\t\t\t\t\t\t<\/div>\n\t\t\t\t<\/div>\n\t\t\t\t\t<\/div>\n\t\t<\/div>\n\t\t\t\t<div class=\"make-column-clickable-elementor elementor-column elementor-col-50 elementor-top-column elementor-element elementor-element-3fab2fe\" style=\"cursor: pointer;\" data-column-clickable=\"https:\/\/camping.lesrivesdeparis.fr\/a-proximite-du-camping\/\" data-column-clickable-blank=\"_self\" data-id=\"3fab2fe\" data-element_type=\"column\" data-e-type=\"column\" data-settings=\"{&quot;background_background&quot;:&quot;classic&quot;}\">\n\t\t\t<div class=\"elementor-widget-wrap elementor-element-populated\">\n\t\t\t\t\t<div class=\"elementor-background-overlay\"><\/div>\n\t\t\t\t\t\t<div class=\"elementor-element elementor-element-decb328 elementor-widget elementor-widget-text-editor\" data-id=\"decb328\" data-element_type=\"widget\" data-e-type=\"widget\" data-widget_type=\"text-editor.default\">\n\t\t\t\t<div class=\"elementor-widget-container\">\n\t\t\t\t\t\t\t\t\t<p>Dichtbij de camping<\/p>\t\t\t\t\t\t\t\t<\/div>\n\t\t\t\t<\/div>\n\t\t\t\t\t<\/div>\n\t\t<\/div>\n\t\t\t\t\t<\/div>\n\t\t<\/section>\n\t\t\t\t<\/div>","protected":false},"excerpt":{"rendered":"<p>Activiteiten Themaparken Parijs In de buurt van de camping<\/p>","protected":false},"author":1,"featured_media":0,"parent":0,"menu_order":0,"comment_status":"closed","ping_status":"closed","template":"","meta":{"footnotes":""},"class_list":["post-9592","page","type-page","status-publish","hentry"],"yoast_head":"<!-- This site is optimized with the Yoast SEO plugin v27.4 - https:\/\/yoast.com\/product\/yoast-seo-wordpress\/ -->\n<title>Les alentours - Camping Les Rives de Paris<\/title>\n<meta name=\"robots\" content=\"index, follow, max-snippet:-1, max-image-preview:large, max-video-preview:-1\" \/>\n<link rel=\"canonical\" href=\"https:\/\/camping.lesrivesdeparis.fr\/nl\/les-alentours-2\/\" \/>\n<meta property=\"og:locale\" content=\"nl_NL\" \/>\n<meta property=\"og:type\" content=\"article\" \/>\n<meta property=\"og:title\" content=\"Les alentours - Camping Les Rives de Paris\" \/>\n<meta property=\"og:description\" content=\"Les activit\u00e9s\u00a0 Parcs \u00e0 th\u00e8me Paris \u00c0 proximit\u00e9 du camping\" \/>\n<meta property=\"og:url\" content=\"https:\/\/camping.lesrivesdeparis.fr\/nl\/les-alentours-2\/\" \/>\n<meta property=\"og:site_name\" content=\"Camping Les Rives de Paris\" \/>\n<meta property=\"article:publisher\" content=\"https:\/\/www.facebook.com\/ville.neuilly\" \/>\n<meta property=\"article:modified_time\" content=\"2022-06-22T16:03:01+00:00\" \/>\n<meta property=\"og:image\" content=\"https:\/\/camping.lesrivesdeparis.fr\/wp-content\/uploads\/2022\/06\/logo-camping-rives-paris-scaled.jpg\" \/>\n\t<meta property=\"og:image:width\" content=\"2329\" \/>\n\t<meta property=\"og:image:height\" content=\"2560\" \/>\n\t<meta property=\"og:image:type\" content=\"image\/jpeg\" \/>\n<meta name=\"twitter:card\" content=\"summary_large_image\" \/>\n<meta name=\"twitter:label1\" content=\"Geschatte leestijd\" \/>\n\t<meta name=\"twitter:data1\" content=\"1 minuut\" \/>\n<script type=\"application\/ld+json\" class=\"yoast-schema-graph\">{\"@context\":\"https:\\\/\\\/schema.org\",\"@graph\":[{\"@type\":\"WebPage\",\"@id\":\"https:\\\/\\\/camping.lesrivesdeparis.fr\\\/les-alentours-2\\\/\",\"url\":\"https:\\\/\\\/camping.lesrivesdeparis.fr\\\/les-alentours-2\\\/\",\"name\":\"Les alentours - Camping Les Rives de Paris\",\"isPartOf\":{\"@id\":\"https:\\\/\\\/camping.lesrivesdeparis.fr\\\/#website\"},\"datePublished\":\"2022-06-07T08:56:07+00:00\",\"dateModified\":\"2022-06-22T16:03:01+00:00\",\"breadcrumb\":{\"@id\":\"https:\\\/\\\/camping.lesrivesdeparis.fr\\\/les-alentours-2\\\/#breadcrumb\"},\"inLanguage\":\"nl-NL\",\"potentialAction\":[{\"@type\":\"ReadAction\",\"target\":[\"https:\\\/\\\/camping.lesrivesdeparis.fr\\\/les-alentours-2\\\/\"]}]},{\"@type\":\"BreadcrumbList\",\"@id\":\"https:\\\/\\\/camping.lesrivesdeparis.fr\\\/les-alentours-2\\\/#breadcrumb\",\"itemListElement\":[{\"@type\":\"ListItem\",\"position\":1,\"name\":\"Accueil\",\"item\":\"https:\\\/\\\/camping.lesrivesdeparis.fr\\\/\"},{\"@type\":\"ListItem\",\"position\":2,\"name\":\"Les alentours\"}]},{\"@type\":\"WebSite\",\"@id\":\"https:\\\/\\\/camping.lesrivesdeparis.fr\\\/#website\",\"url\":\"https:\\\/\\\/camping.lesrivesdeparis.fr\\\/\",\"name\":\"Camping Les Rives de Paris\",\"description\":\"\",\"publisher\":{\"@id\":\"https:\\\/\\\/camping.lesrivesdeparis.fr\\\/#organization\"},\"potentialAction\":[{\"@type\":\"SearchAction\",\"target\":{\"@type\":\"EntryPoint\",\"urlTemplate\":\"https:\\\/\\\/camping.lesrivesdeparis.fr\\\/?s={search_term_string}\"},\"query-input\":{\"@type\":\"PropertyValueSpecification\",\"valueRequired\":true,\"valueName\":\"search_term_string\"}}],\"inLanguage\":\"nl-NL\"},{\"@type\":\"Organization\",\"@id\":\"https:\\\/\\\/camping.lesrivesdeparis.fr\\\/#organization\",\"name\":\"Camping Les rives de Paris\",\"url\":\"https:\\\/\\\/camping.lesrivesdeparis.fr\\\/\",\"logo\":{\"@type\":\"ImageObject\",\"inLanguage\":\"nl-NL\",\"@id\":\"https:\\\/\\\/camping.lesrivesdeparis.fr\\\/#\\\/schema\\\/logo\\\/image\\\/\",\"url\":\"https:\\\/\\\/camping.lesrivesdeparis.fr\\\/wp-content\\\/uploads\\\/2022\\\/06\\\/logo-camping-rives-paris-scaled.jpg\",\"contentUrl\":\"https:\\\/\\\/camping.lesrivesdeparis.fr\\\/wp-content\\\/uploads\\\/2022\\\/06\\\/logo-camping-rives-paris-scaled.jpg\",\"width\":2329,\"height\":2560,\"caption\":\"Camping Les rives de Paris\"},\"image\":{\"@id\":\"https:\\\/\\\/camping.lesrivesdeparis.fr\\\/#\\\/schema\\\/logo\\\/image\\\/\"},\"sameAs\":[\"https:\\\/\\\/www.facebook.com\\\/ville.neuilly\",\"https:\\\/\\\/www.instagram.com\\\/neuilly_marne\\\/\",\"https:\\\/\\\/www.linkedin.com\\\/company\\\/ville-de-neuilly-sur-marne\\\/\"]}]}<\/script>\n<!-- \/ Yoast SEO plugin. -->","yoast_head_json":{"title":"Omgeving - Camping Les Rives de Paris","robots":{"index":"index","follow":"follow","max-snippet":"max-snippet:-1","max-image-preview":"max-image-preview:large","max-video-preview":"max-video-preview:-1"},"canonical":"https:\/\/camping.lesrivesdeparis.fr\/nl\/les-alentours-2\/","og_locale":"nl_NL","og_type":"article","og_title":"Les alentours - Camping Les Rives de Paris","og_description":"Les activit\u00e9s\u00a0 Parcs \u00e0 th\u00e8me Paris \u00c0 proximit\u00e9 du camping","og_url":"https:\/\/camping.lesrivesdeparis.fr\/nl\/les-alentours-2\/","og_site_name":"Camping Les Rives de Paris","article_publisher":"https:\/\/www.facebook.com\/ville.neuilly","article_modified_time":"2022-06-22T16:03:01+00:00","og_image":[{"width":2329,"height":2560,"url":"https:\/\/camping.lesrivesdeparis.fr\/wp-content\/uploads\/2022\/06\/logo-camping-rives-paris-scaled.jpg","type":"image\/jpeg"}],"twitter_card":"summary_large_image","twitter_misc":{"Geschatte leestijd":"1 minuut"},"schema":{"@context":"https:\/\/schema.org","@graph":[{"@type":"WebPage","@id":"https:\/\/camping.lesrivesdeparis.fr\/les-alentours-2\/","url":"https:\/\/camping.lesrivesdeparis.fr\/les-alentours-2\/","name":"Omgeving - Camping Les Rives de Paris","isPartOf":{"@id":"https:\/\/camping.lesrivesdeparis.fr\/#website"},"datePublished":"2022-06-07T08:56:07+00:00","dateModified":"2022-06-22T16:03:01+00:00","breadcrumb":{"@id":"https:\/\/camping.lesrivesdeparis.fr\/les-alentours-2\/#breadcrumb"},"inLanguage":"nl-NL","potentialAction":[{"@type":"ReadAction","target":["https:\/\/camping.lesrivesdeparis.fr\/les-alentours-2\/"]}]},{"@type":"BreadcrumbList","@id":"https:\/\/camping.lesrivesdeparis.fr\/les-alentours-2\/#breadcrumb","itemListElement":[{"@type":"ListItem","position":1,"name":"Accueil","item":"https:\/\/camping.lesrivesdeparis.fr\/"},{"@type":"ListItem","position":2,"name":"Les alentours"}]},{"@type":"WebSite","@id":"https:\/\/camping.lesrivesdeparis.fr\/#website","url":"https:\/\/camping.lesrivesdeparis.fr\/","name":"Camping Les Rives de Paris","description":"","publisher":{"@id":"https:\/\/camping.lesrivesdeparis.fr\/#organization"},"potentialAction":[{"@type":"SearchAction","target":{"@type":"EntryPoint","urlTemplate":"https:\/\/camping.lesrivesdeparis.fr\/?s={search_term_string}"},"query-input":{"@type":"PropertyValueSpecification","valueRequired":true,"valueName":"search_term_string"}}],"inLanguage":"nl-NL"},{"@type":"Organization","@id":"https:\/\/camping.lesrivesdeparis.fr\/#organization","name":"Camping Les rives de Paris","url":"https:\/\/camping.lesrivesdeparis.fr\/","logo":{"@type":"ImageObject","inLanguage":"nl-NL","@id":"https:\/\/camping.lesrivesdeparis.fr\/#\/schema\/logo\/image\/","url":"https:\/\/camping.lesrivesdeparis.fr\/wp-content\/uploads\/2022\/06\/logo-camping-rives-paris-scaled.jpg","contentUrl":"https:\/\/camping.lesrivesdeparis.fr\/wp-content\/uploads\/2022\/06\/logo-camping-rives-paris-scaled.jpg","width":2329,"height":2560,"caption":"Camping Les rives de Paris"},"image":{"@id":"https:\/\/camping.lesrivesdeparis.fr\/#\/schema\/logo\/image\/"},"sameAs":["https:\/\/www.facebook.com\/ville.neuilly","https:\/\/www.instagram.com\/neuilly_marne\/","https:\/\/www.linkedin.com\/company\/ville-de-neuilly-sur-marne\/"]}]}},"_links":{"self":[{"href":"https:\/\/camping.lesrivesdeparis.fr\/nl\/wp-json\/wp\/v2\/pages\/9592","targetHints":{"allow":["GET"]}}],"collection":[{"href":"https:\/\/camping.lesrivesdeparis.fr\/nl\/wp-json\/wp\/v2\/pages"}],"about":[{"href":"https:\/\/camping.lesrivesdeparis.fr\/nl\/wp-json\/wp\/v2\/types\/page"}],"author":[{"embeddable":true,"href":"https:\/\/camping.lesrivesdeparis.fr\/nl\/wp-json\/wp\/v2\/users\/1"}],"replies":[{"embeddable":true,"href":"https:\/\/camping.lesrivesdeparis.fr\/nl\/wp-json\/wp\/v2\/comments?post=9592"}],"version-history":[{"count":0,"href":"https:\/\/camping.lesrivesdeparis.fr\/nl\/wp-json\/wp\/v2\/pages\/9592\/revisions"}],"wp:attachment":[{"href":"https:\/\/camping.lesrivesdeparis.fr\/nl\/wp-json\/wp\/v2\/media?parent=9592"}],"curies":[{"name":"wp","href":"https:\/\/api.w.org\/{rel}","templated":true}]}}